{"id":267,"date":"2020-08-06T17:17:53","date_gmt":"2020-08-06T17:17:53","guid":{"rendered":"https:\/\/aiconsult.business\/?page_id=267"},"modified":"2021-03-15T22:39:20","modified_gmt":"2021-03-15T22:39:20","slug":"algoritmo-preditivo","status":"publish","type":"page","link":"https:\/\/aiconsult.business\/en\/algoritmo-preditivo\/","title":{"rendered":"Algoritmo preditivo"},"content":{"rendered":"<body>\t\t<div data-elementor-type=\"wp-page\" data-elementor-id=\"267\" class=\"elementor elementor-267\">\n\t\t\t\t\t\t<section class=\"elementor-section elementor-top-section elementor-element elementor-element-48a36848 elementor-section-height-min-height elementor-section-boxed elementor-section-height-default elementor-section-items-middle\" data-id=\"48a36848\" data-element_type=\"section\" data-e-type=\"section\" data-settings=\"{&quot;background_background&quot;:&quot;classic&quot;}\">\n\t\t\t\t\t\t<div class=\"elementor-container elementor-column-gap-no\">\n\t\t\t\t\t<div class=\"elementor-column elementor-col-100 elementor-top-column elementor-element elementor-element-744ee26b\" data-id=\"744ee26b\" data-element_type=\"column\" data-e-type=\"column\">\n\t\t\t<div class=\"elementor-widget-wrap elementor-element-populated\">\n\t\t\t\t\t\t<div class=\"elementor-element elementor-element-75f37da3 elementor-widget elementor-widget-heading\" data-id=\"75f37da3\" data-element_type=\"widget\" data-e-type=\"widget\" data-widget_type=\"heading.default\">\n\t\t\t\t<div class=\"elementor-widget-container\">\n\t\t\t\t\t<h2 class=\"elementor-heading-title elementor-size-default\">Predictive Algorithm<\/h2>\t\t\t\t<\/div>\n\t\t\t\t<\/div>\n\t\t\t\t\t<\/div>\n\t\t<\/div>\n\t\t\t\t\t<\/div>\n\t\t<\/section>\n\t\t\t\t<section class=\"elementor-section elementor-top-section elementor-element elementor-element-5a7c8afd elementor-section-full_width elementor-section-height-min-height elementor-section-items-top elementor-section-height-default\" data-id=\"5a7c8afd\" data-element_type=\"section\" data-e-type=\"section\" data-settings=\"{&quot;background_background&quot;:&quot;classic&quot;}\">\n\t\t\t\t\t\t<div class=\"elementor-container elementor-column-gap-default\">\n\t\t\t\t\t<div class=\"elementor-column elementor-col-100 elementor-top-column elementor-element elementor-element-21faed7e\" data-id=\"21faed7e\" data-element_type=\"column\" data-e-type=\"column\">\n\t\t\t<div class=\"elementor-widget-wrap elementor-element-populated\">\n\t\t\t\t\t\t<section class=\"elementor-section elementor-inner-section elementor-element elementor-element-5d42d848 elementor-section-boxed elementor-section-height-default elementor-section-height-default\" data-id=\"5d42d848\" data-element_type=\"section\" data-e-type=\"section\">\n\t\t\t\t\t\t<div class=\"elementor-container elementor-column-gap-default\">\n\t\t\t\t\t<div class=\"elementor-column elementor-col-50 elementor-inner-column elementor-element elementor-element-41336cf\" data-id=\"41336cf\" data-element_type=\"column\" data-e-type=\"column\">\n\t\t\t<div class=\"elementor-widget-wrap elementor-element-populated\">\n\t\t\t\t\t\t<div class=\"elementor-element elementor-element-3c2d0d24 elementor-widget elementor-widget-image\" data-id=\"3c2d0d24\" data-element_type=\"widget\" data-e-type=\"widget\" data-widget_type=\"image.default\">\n\t\t\t\t<div class=\"elementor-widget-container\">\n\t\t\t\t\t\t\t\t\t\t\t\t\t\t\t<img loading=\"lazy\" decoding=\"async\" width=\"130\" height=\"130\" src=\"https:\/\/i0.wp.com\/aiconsult.business\/wp-content\/uploads\/2020\/08\/Grupo-de-m%C3%A1scara-14.png?fit=130%2C130&amp;ssl=1\" class=\"attachment-large size-large wp-image-273\" alt=\"\">\t\t\t\t\t\t\t\t\t\t\t\t\t\t\t<\/div>\n\t\t\t\t<\/div>\n\t\t\t\t<div class=\"elementor-element elementor-element-7e9ef8b7 elementor-widget elementor-widget-heading\" data-id=\"7e9ef8b7\" data-element_type=\"widget\" data-e-type=\"widget\" data-widget_type=\"heading.default\">\n\t\t\t\t<div class=\"elementor-widget-container\">\n\t\t\t\t\t<h2 class=\"elementor-heading-title elementor-size-default\">MARKETING &amp; RETAIL<\/h2>\t\t\t\t<\/div>\n\t\t\t\t<\/div>\n\t\t\t\t<div class=\"elementor-element elementor-element-54e6bd62 elementor-widget elementor-widget-text-editor\" data-id=\"54e6bd62\" data-element_type=\"widget\" data-e-type=\"widget\" data-widget_type=\"text-editor.default\">\n\t\t\t\t<div class=\"elementor-widget-container\">\n\t\t\t\t\t\t\t\t\t<p>One of the main challenges in any business retail is to allocate the right product in the right quantity at the right location. This challenge is more complex to companies with different channels, such as physical store and e-commerce, and multiple distributions centers.<\/p><p>Our algorithm utilizes historical consumption and external data to estimate future demand by POS, and recommend production, allocation and stock at the right quantity and location.<\/p>\t\t\t\t\t\t\t\t<\/div>\n\t\t\t\t<\/div>\n\t\t\t\t\t<\/div>\n\t\t<\/div>\n\t\t\t\t<div class=\"elementor-column elementor-col-50 elementor-inner-column elementor-element elementor-element-41ccbb08\" data-id=\"41ccbb08\" data-element_type=\"column\" data-e-type=\"column\">\n\t\t\t<div class=\"elementor-widget-wrap elementor-element-populated\">\n\t\t\t\t\t\t<div class=\"elementor-element elementor-element-e222cb7 elementor-widget elementor-widget-image\" data-id=\"e222cb7\" data-element_type=\"widget\" data-e-type=\"widget\" data-widget_type=\"image.default\">\n\t\t\t\t<div class=\"elementor-widget-container\">\n\t\t\t\t\t\t\t\t\t\t\t\t\t\t\t<img loading=\"lazy\" decoding=\"async\" width=\"130\" height=\"130\" src=\"https:\/\/i0.wp.com\/aiconsult.business\/wp-content\/uploads\/2020\/08\/Grupo-de-m%C3%A1scara-15.png?fit=130%2C130&amp;ssl=1\" class=\"attachment-large size-large wp-image-274\" alt=\"\">\t\t\t\t\t\t\t\t\t\t\t\t\t\t\t<\/div>\n\t\t\t\t<\/div>\n\t\t\t\t<div class=\"elementor-element elementor-element-7986a092 elementor-widget elementor-widget-heading\" data-id=\"7986a092\" data-element_type=\"widget\" data-e-type=\"widget\" data-widget_type=\"heading.default\">\n\t\t\t\t<div class=\"elementor-widget-container\">\n\t\t\t\t\t<h2 class=\"elementor-heading-title elementor-size-default\">JUDICIAL LAW<\/h2>\t\t\t\t<\/div>\n\t\t\t\t<\/div>\n\t\t\t\t<div class=\"elementor-element elementor-element-573a3041 elementor-widget elementor-widget-text-editor\" data-id=\"573a3041\" data-element_type=\"widget\" data-e-type=\"widget\" data-widget_type=\"text-editor.default\">\n\t\t\t\t<div class=\"elementor-widget-container\">\n\t\t\t\t\t\t\t\t\t<p>Companies spend so many hours with lawyers on the analysis of new processes and few hours on the performance strategy. Utilize our proprietary algorithms to predict value, success probability, among other variables of interest in legal proceedings.<\/p><p>Gain agility and high hit rate on the process analysis and focus your efforts on the strategy definition.<\/p>\t\t\t\t\t\t\t\t<\/div>\n\t\t\t\t<\/div>\n\t\t\t\t\t<\/div>\n\t\t<\/div>\n\t\t\t\t\t<\/div>\n\t\t<\/section>\n\t\t\t\t\t<\/div>\n\t\t<\/div>\n\t\t\t\t\t<\/div>\n\t\t<\/section>\n\t\t\t\t<section class=\"elementor-section elementor-top-section elementor-element elementor-element-0ddf5b4 elementor-section-boxed elementor-section-height-default elementor-section-height-default\" data-id=\"0ddf5b4\" data-element_type=\"section\" data-e-type=\"section\">\n\t\t\t\t\t\t\t<div class=\"elementor-background-overlay\"><\/div>\n\t\t\t\t\t\t\t<div class=\"elementor-container elementor-column-gap-default\">\n\t\t\t\t\t<div class=\"elementor-column elementor-col-100 elementor-top-column elementor-element elementor-element-64d604c\" data-id=\"64d604c\" data-element_type=\"column\" data-e-type=\"column\">\n\t\t\t<div class=\"elementor-widget-wrap elementor-element-populated\">\n\t\t\t\t\t\t<div class=\"elementor-element elementor-element-13cf430 elementor-widget elementor-widget-heading\" data-id=\"13cf430\" data-element_type=\"widget\" data-e-type=\"widget\" data-widget_type=\"heading.default\">\n\t\t\t\t<div class=\"elementor-widget-container\">\n\t\t\t\t\t<h2 class=\"elementor-heading-title elementor-size-default\">LEARN MORE THROUGH OUR E-BOOK<\/h2>\t\t\t\t<\/div>\n\t\t\t\t<\/div>\n\t\t\t\t\t<\/div>\n\t\t<\/div>\n\t\t\t\t\t<\/div>\n\t\t<\/section>\n\t\t\t\t<section class=\"elementor-section elementor-top-section elementor-element elementor-element-d49dcaf elementor-section-boxed elementor-section-height-default elementor-section-height-default\" data-id=\"d49dcaf\" data-element_type=\"section\" data-e-type=\"section\">\n\t\t\t\t\t\t\t<div class=\"elementor-background-overlay\"><\/div>\n\t\t\t\t\t\t\t<div class=\"elementor-container elementor-column-gap-default\">\n\t\t\t\t\t<div class=\"elementor-column elementor-col-50 elementor-top-column elementor-element elementor-element-1175f5d\" data-id=\"1175f5d\" data-element_type=\"column\" data-e-type=\"column\">\n\t\t\t<div class=\"elementor-widget-wrap elementor-element-populated\">\n\t\t\t\t\t\t<div class=\"elementor-element elementor-element-111408a elementor-widget elementor-widget-image\" data-id=\"111408a\" data-element_type=\"widget\" data-e-type=\"widget\" data-widget_type=\"image.default\">\n\t\t\t\t<div class=\"elementor-widget-container\">\n\t\t\t\t\t\t\t\t\t\t\t\t\t\t\t\t<a href=\"https:\/\/materiais.aiconsult.business\/ebook-tecnicas-de-machine-learning\">\n\t\t\t\t\t\t\t<img decoding=\"async\" src=\"https:\/\/i0.wp.com\/aiconsult.business\/wp-content\/uploads\/2021\/01\/e-book-machine-learning.jpg?fit=500%2C230&amp;ssl=1\" title=\"e-book machine learning\" alt=\"e-book machine learning\" loading=\"lazy\">\t\t\t\t\t\t\t\t<\/a>\n\t\t\t\t\t\t\t\t\t\t\t\t\t\t\t<\/div>\n\t\t\t\t<\/div>\n\t\t\t\t\t<\/div>\n\t\t<\/div>\n\t\t\t\t<div class=\"elementor-column elementor-col-50 elementor-top-column elementor-element elementor-element-52cc092\" data-id=\"52cc092\" data-element_type=\"column\" data-e-type=\"column\">\n\t\t\t<div class=\"elementor-widget-wrap elementor-element-populated\">\n\t\t\t\t\t\t<div class=\"elementor-element elementor-element-ce45cf6 elementor-widget elementor-widget-text-editor\" data-id=\"ce45cf6\" data-element_type=\"widget\" data-e-type=\"widget\" data-widget_type=\"text-editor.default\">\n\t\t\t\t<div class=\"elementor-widget-container\">\n\t\t\t\t\t\t\t\t\t<p>Download our e-book\u00a0<strong>\u201cComo aplicar as t\u00e9cnicas de machine learning no seu neg\u00f3cio\u201d<\/strong> (available only in Portuguese) and learn how to create an <strong>Artificial Intelligence solution<\/strong> to your business!<\/p>\t\t\t\t\t\t\t\t<\/div>\n\t\t\t\t<\/div>\n\t\t\t\t<div class=\"elementor-element elementor-element-37a3666 elementor-align-center elementor-widget elementor-widget-button\" data-id=\"37a3666\" data-element_type=\"widget\" data-e-type=\"widget\" data-widget_type=\"button.default\">\n\t\t\t\t<div class=\"elementor-widget-container\">\n\t\t\t\t\t\t\t\t\t<div class=\"elementor-button-wrapper\">\n\t\t\t\t\t<a class=\"elementor-button elementor-button-link elementor-size-sm\" href=\"https:\/\/materiais.aiconsult.business\/ebook-tecnicas-de-machine-learning\">\n\t\t\t\t\t\t<span class=\"elementor-button-content-wrapper\">\n\t\t\t\t\t\t\t\t\t<span class=\"elementor-button-text\">Download here<\/span>\n\t\t\t\t\t<\/span>\n\t\t\t\t\t<\/a>\n\t\t\t\t<\/div>\n\t\t\t\t\t\t\t\t<\/div>\n\t\t\t\t<\/div>\n\t\t\t\t\t<\/div>\n\t\t<\/div>\n\t\t\t\t\t<\/div>\n\t\t<\/section>\n\t\t\t\t<section class=\"elementor-section elementor-top-section elementor-element elementor-element-527d85a6 elementor-section-height-min-height elementor-hidden-tablet elementor-section-boxed elementor-section-height-default elementor-section-items-middle\" data-id=\"527d85a6\" data-element_type=\"section\" data-e-type=\"section\" data-settings=\"{&quot;background_background&quot;:&quot;classic&quot;}\">\n\t\t\t\t\t\t<div class=\"elementor-container elementor-column-gap-default\">\n\t\t\t\t\t<div class=\"elementor-column elementor-col-100 elementor-top-column elementor-element elementor-element-622fe781\" data-id=\"622fe781\" data-element_type=\"column\" data-e-type=\"column\">\n\t\t\t<div class=\"elementor-widget-wrap elementor-element-populated\">\n\t\t\t\t\t\t<div class=\"elementor-element elementor-element-8b8460a elementor-widget elementor-widget-heading\" data-id=\"8b8460a\" data-element_type=\"widget\" data-e-type=\"widget\" data-widget_type=\"heading.default\">\n\t\t\t\t<div class=\"elementor-widget-container\">\n\t\t\t\t\t<h2 class=\"elementor-heading-title elementor-size-default\">NEWS &amp; ARTICLES<\/h2>\t\t\t\t<\/div>\n\t\t\t\t<\/div>\n\t\t\t\t<div class=\"elementor-element elementor-element-607b71c9 elementor-grid-3 elementor-grid-tablet-2 elementor-grid-mobile-1 elementor-posts--thumbnail-top elementor-card-shadow-yes elementor-posts__hover-gradient elementor-widget elementor-widget-posts\" data-id=\"607b71c9\" data-element_type=\"widget\" data-e-type=\"widget\" data-settings=\"{&quot;cards_columns&quot;:&quot;3&quot;,&quot;cards_columns_tablet&quot;:&quot;2&quot;,&quot;cards_columns_mobile&quot;:&quot;1&quot;,&quot;cards_row_gap&quot;:{&quot;unit&quot;:&quot;px&quot;,&quot;size&quot;:35,&quot;sizes&quot;:[]},&quot;cards_row_gap_tablet&quot;:{&quot;unit&quot;:&quot;px&quot;,&quot;size&quot;:&quot;&quot;,&quot;sizes&quot;:[]},&quot;cards_row_gap_mobile&quot;:{&quot;unit&quot;:&quot;px&quot;,&quot;size&quot;:&quot;&quot;,&quot;sizes&quot;:[]}}\" data-widget_type=\"posts.cards\">\n\t\t\t\t<div class=\"elementor-widget-container\">\n\t\t\t\t\t\t\t<div class=\"elementor-posts-container elementor-posts elementor-posts--skin-cards elementor-grid\">\n\t\t\t\t<article class=\"elementor-post elementor-grid-item post-1353 post type-post status-publish format-standard has-post-thumbnail hentry category-transformacao-digital\">\n\t\t\t<div class=\"elementor-post__card\">\n\t\t\t\t<a class=\"elementor-post__thumbnail__link\" href=\"https:\/\/aiconsult.business\/en\/2021\/12\/30\/retrospectiva-2021-relembre-os-projetos-do-ano-na-ai-consult\/\"><div class=\"elementor-post__thumbnail\"><img loading=\"lazy\" decoding=\"async\" width=\"300\" height=\"152\" src=\"https:\/\/i0.wp.com\/aiconsult.business\/wp-content\/uploads\/2022\/03\/Retrospectiva-2021.png?fit=300%2C152&amp;ssl=1\" class=\"attachment-medium size-medium wp-image-1354\" alt=\"Retrospectia 2021\" srcset=\"https:\/\/i0.wp.com\/aiconsult.business\/wp-content\/uploads\/2022\/03\/Retrospectiva-2021.png?w=1140&amp;ssl=1 1140w, https:\/\/i0.wp.com\/aiconsult.business\/wp-content\/uploads\/2022\/03\/Retrospectiva-2021.png?resize=300%2C152&amp;ssl=1 300w, https:\/\/i0.wp.com\/aiconsult.business\/wp-content\/uploads\/2022\/03\/Retrospectiva-2021.png?resize=1024%2C519&amp;ssl=1 1024w, https:\/\/i0.wp.com\/aiconsult.business\/wp-content\/uploads\/2022\/03\/Retrospectiva-2021.png?resize=768%2C389&amp;ssl=1 768w, https:\/\/i0.wp.com\/aiconsult.business\/wp-content\/uploads\/2022\/03\/Retrospectiva-2021.png?resize=18%2C9&amp;ssl=1 18w\" sizes=\"(max-width: 300px) 100vw, 300px\"><\/div><\/a>\n\t\t\t\t<div class=\"elementor-post__text\">\n\t\t\t\t<h3 class=\"elementor-post__title\">\n\t\t\t<a href=\"https:\/\/aiconsult.business\/en\/2021\/12\/30\/retrospectiva-2021-relembre-os-projetos-do-ano-na-ai-consult\/\">\n\t\t\t\tRetrospectiva 2021: relembre os projetos do ano na AI Consult\t\t\t<\/a>\n\t\t<\/h3>\n\t\t\t\t<\/div>\n\t\t\t\t\t<\/div>\n\t\t<\/article>\n\t\t\t\t<article class=\"elementor-post elementor-grid-item post-1367 post type-post status-publish format-standard has-post-thumbnail hentry category-inteligencia-artificial category-transformacao-digital\">\n\t\t\t<div class=\"elementor-post__card\">\n\t\t\t\t<a class=\"elementor-post__thumbnail__link\" href=\"https:\/\/aiconsult.business\/en\/2021\/12\/20\/case-vale-monitoramento-de-barragens\/\"><div class=\"elementor-post__thumbnail\"><img loading=\"lazy\" decoding=\"async\" width=\"300\" height=\"132\" src=\"https:\/\/i0.wp.com\/aiconsult.business\/wp-content\/uploads\/2022\/03\/Monitoramento-de-barragens-Vale.png?fit=300%2C132&amp;ssl=1\" class=\"attachment-medium size-medium wp-image-1368\" alt=\"Monitoramento de barragens Vale\" srcset=\"https:\/\/i0.wp.com\/aiconsult.business\/wp-content\/uploads\/2022\/03\/Monitoramento-de-barragens-Vale.png?w=1140&amp;ssl=1 1140w, https:\/\/i0.wp.com\/aiconsult.business\/wp-content\/uploads\/2022\/03\/Monitoramento-de-barragens-Vale.png?resize=300%2C132&amp;ssl=1 300w, https:\/\/i0.wp.com\/aiconsult.business\/wp-content\/uploads\/2022\/03\/Monitoramento-de-barragens-Vale.png?resize=1024%2C449&amp;ssl=1 1024w, https:\/\/i0.wp.com\/aiconsult.business\/wp-content\/uploads\/2022\/03\/Monitoramento-de-barragens-Vale.png?resize=768%2C337&amp;ssl=1 768w, https:\/\/i0.wp.com\/aiconsult.business\/wp-content\/uploads\/2022\/03\/Monitoramento-de-barragens-Vale.png?resize=18%2C8&amp;ssl=1 18w\" sizes=\"(max-width: 300px) 100vw, 300px\"><\/div><\/a>\n\t\t\t\t<div class=\"elementor-post__text\">\n\t\t\t\t<h3 class=\"elementor-post__title\">\n\t\t\t<a href=\"https:\/\/aiconsult.business\/en\/2021\/12\/20\/case-vale-monitoramento-de-barragens\/\">\n\t\t\t\tComo ajudamos a Vale a reduzir falhas no monitoramento de barragens\t\t\t<\/a>\n\t\t<\/h3>\n\t\t\t\t<\/div>\n\t\t\t\t\t<\/div>\n\t\t<\/article>\n\t\t\t\t<article class=\"elementor-post elementor-grid-item post-1372 post type-post status-publish format-standard has-post-thumbnail hentry category-inteligencia-artificial category-transformacao-digital\">\n\t\t\t<div class=\"elementor-post__card\">\n\t\t\t\t<a class=\"elementor-post__thumbnail__link\" href=\"https:\/\/aiconsult.business\/en\/2021\/10\/07\/caso-de-sucesso-vitaderm\/\"><div class=\"elementor-post__thumbnail\"><img loading=\"lazy\" decoding=\"async\" width=\"300\" height=\"137\" src=\"https:\/\/i0.wp.com\/aiconsult.business\/wp-content\/uploads\/2022\/03\/Vitaderm-case.jpg?fit=300%2C137&amp;ssl=1\" class=\"attachment-medium size-medium wp-image-1374\" alt=\"\" srcset=\"https:\/\/i0.wp.com\/aiconsult.business\/wp-content\/uploads\/2022\/03\/Vitaderm-case.jpg?w=1250&amp;ssl=1 1250w, https:\/\/i0.wp.com\/aiconsult.business\/wp-content\/uploads\/2022\/03\/Vitaderm-case.jpg?resize=300%2C137&amp;ssl=1 300w, https:\/\/i0.wp.com\/aiconsult.business\/wp-content\/uploads\/2022\/03\/Vitaderm-case.jpg?resize=1024%2C467&amp;ssl=1 1024w, https:\/\/i0.wp.com\/aiconsult.business\/wp-content\/uploads\/2022\/03\/Vitaderm-case.jpg?resize=768%2C350&amp;ssl=1 768w, https:\/\/i0.wp.com\/aiconsult.business\/wp-content\/uploads\/2022\/03\/Vitaderm-case.jpg?resize=18%2C8&amp;ssl=1 18w\" sizes=\"(max-width: 300px) 100vw, 300px\"><\/div><\/a>\n\t\t\t\t<div class=\"elementor-post__text\">\n\t\t\t\t<h3 class=\"elementor-post__title\">\n\t\t\t<a href=\"https:\/\/aiconsult.business\/en\/2021\/10\/07\/caso-de-sucesso-vitaderm\/\">\n\t\t\t\tComo a VitaDerm resolveu um problema de estoque com uma solu\u00e7\u00e3o de previs\u00e3o de vendas\t\t\t<\/a>\n\t\t<\/h3>\n\t\t\t\t<\/div>\n\t\t\t\t\t<\/div>\n\t\t<\/article>\n\t\t\t\t<\/div>\n\n\n\t\t\n\t\t\t\t\t\t<\/div>\n\t\t\t\t<\/div>\n\t\t\t\t\t<\/div>\n\t\t<\/div>\n\t\t\t\t\t<\/div>\n\t\t<\/section>\n\t\t\t\t<\/div>\n\t\t<\/body>","protected":false},"excerpt":{"rendered":"<p>Algoritmo Preditivo MARKETING E VAREJO Um dos principais desafios de<\/p>","protected":false},"author":1,"featured_media":0,"parent":0,"menu_order":0,"comment_status":"closed","ping_status":"closed","template":"page-blank.php","meta":{"_joinchat":[],"footnotes":""},"class_list":["post-267","page","type-page","status-publish","hentry"],"yoast_head":"<!-- This site is optimized with the Yoast SEO plugin v25.6 - https:\/\/yoast.com\/wordpress\/plugins\/seo\/ -->\n<title>Algoritmo preditivo - AI Consult<\/title>\n<meta name=\"robots\" content=\"index, follow, max-snippet:-1, max-image-preview:large, max-video-preview:-1\" \/>\n<link rel=\"canonical\" href=\"https:\/\/aiconsult.business\/en\/algoritmo-preditivo\/\" \/>\n<meta property=\"og:locale\" content=\"en_US\" \/>\n<meta property=\"og:type\" content=\"article\" \/>\n<meta property=\"og:title\" content=\"Algoritmo preditivo - AI Consult\" \/>\n<meta property=\"og:description\" content=\"Algoritmo Preditivo MARKETING E VAREJO Um dos principais desafios de\" \/>\n<meta property=\"og:url\" content=\"https:\/\/aiconsult.business\/en\/algoritmo-preditivo\/\" \/>\n<meta property=\"og:site_name\" content=\"AI Consult\" \/>\n<meta property=\"article:modified_time\" content=\"2021-03-15T22:39:20+00:00\" \/>\n<meta property=\"og:image\" content=\"https:\/\/aiconsult.business\/wp-content\/uploads\/elementor\/thumbs\/e-book-machine-learning-p10ygk36dkpxc397t7fxtekw9o47rxfbg0uejlezuk.jpg\" \/>\n<meta name=\"twitter:card\" content=\"summary_large_image\" \/>\n<meta name=\"twitter:label1\" content=\"Est. reading time\" \/>\n\t<meta name=\"twitter:data1\" content=\"3 minutes\" \/>\n<script type=\"application\/ld+json\" class=\"yoast-schema-graph\">{\"@context\":\"https:\/\/schema.org\",\"@graph\":[{\"@type\":\"WebPage\",\"@id\":\"https:\/\/aiconsult.business\/en\/algoritmo-preditivo\/\",\"url\":\"https:\/\/aiconsult.business\/en\/algoritmo-preditivo\/\",\"name\":\"Algoritmo preditivo - AI Consult\",\"isPartOf\":{\"@id\":\"https:\/\/aiconsult.business\/pt_br\/#website\"},\"primaryImageOfPage\":{\"@id\":\"https:\/\/aiconsult.business\/en\/algoritmo-preditivo\/#primaryimage\"},\"image\":{\"@id\":\"https:\/\/aiconsult.business\/en\/algoritmo-preditivo\/#primaryimage\"},\"thumbnailUrl\":\"https:\/\/aiconsult.business\/wp-content\/uploads\/elementor\/thumbs\/e-book-machine-learning-p10ygk36dkpxc397t7fxtekw9o47rxfbg0uejlezuk.jpg\",\"datePublished\":\"2020-08-06T17:17:53+00:00\",\"dateModified\":\"2021-03-15T22:39:20+00:00\",\"breadcrumb\":{\"@id\":\"https:\/\/aiconsult.business\/en\/algoritmo-preditivo\/#breadcrumb\"},\"inLanguage\":\"en-US\",\"potentialAction\":[{\"@type\":\"ReadAction\",\"target\":[\"https:\/\/aiconsult.business\/en\/algoritmo-preditivo\/\"]}]},{\"@type\":\"ImageObject\",\"inLanguage\":\"en-US\",\"@id\":\"https:\/\/aiconsult.business\/en\/algoritmo-preditivo\/#primaryimage\",\"url\":\"https:\/\/aiconsult.business\/wp-content\/uploads\/elementor\/thumbs\/e-book-machine-learning-p10ygk36dkpxc397t7fxtekw9o47rxfbg0uejlezuk.jpg\",\"contentUrl\":\"https:\/\/aiconsult.business\/wp-content\/uploads\/elementor\/thumbs\/e-book-machine-learning-p10ygk36dkpxc397t7fxtekw9o47rxfbg0uejlezuk.jpg\"},{\"@type\":\"BreadcrumbList\",\"@id\":\"https:\/\/aiconsult.business\/en\/algoritmo-preditivo\/#breadcrumb\",\"itemListElement\":[{\"@type\":\"ListItem\",\"position\":1,\"name\":\"In\u00edcio\",\"item\":\"https:\/\/aiconsult.business\/pt_br\/\"},{\"@type\":\"ListItem\",\"position\":2,\"name\":\"Algoritmo preditivo\"}]},{\"@type\":\"WebSite\",\"@id\":\"https:\/\/aiconsult.business\/pt_br\/#website\",\"url\":\"https:\/\/aiconsult.business\/pt_br\/\",\"name\":\"AI Consult\",\"description\":\"Intelig\u00eancia artificial\",\"potentialAction\":[{\"@type\":\"SearchAction\",\"target\":{\"@type\":\"EntryPoint\",\"urlTemplate\":\"https:\/\/aiconsult.business\/pt_br\/?s={search_term_string}\"},\"query-input\":{\"@type\":\"PropertyValueSpecification\",\"valueRequired\":true,\"valueName\":\"search_term_string\"}}],\"inLanguage\":\"en-US\"}]}<\/script>\n<!-- \/ Yoast SEO plugin. -->","yoast_head_json":{"title":"Algoritmo preditivo - AI Consult","robots":{"index":"index","follow":"follow","max-snippet":"max-snippet:-1","max-image-preview":"max-image-preview:large","max-video-preview":"max-video-preview:-1"},"canonical":"https:\/\/aiconsult.business\/en\/algoritmo-preditivo\/","og_locale":"en_US","og_type":"article","og_title":"Algoritmo preditivo - AI Consult","og_description":"Algoritmo Preditivo MARKETING E VAREJO Um dos principais desafios de","og_url":"https:\/\/aiconsult.business\/en\/algoritmo-preditivo\/","og_site_name":"AI Consult","article_modified_time":"2021-03-15T22:39:20+00:00","og_image":[{"url":"https:\/\/aiconsult.business\/wp-content\/uploads\/elementor\/thumbs\/e-book-machine-learning-p10ygk36dkpxc397t7fxtekw9o47rxfbg0uejlezuk.jpg","type":"","width":"","height":""}],"twitter_card":"summary_large_image","twitter_misc":{"Est. reading time":"3 minutes"},"schema":{"@context":"https:\/\/schema.org","@graph":[{"@type":"WebPage","@id":"https:\/\/aiconsult.business\/en\/algoritmo-preditivo\/","url":"https:\/\/aiconsult.business\/en\/algoritmo-preditivo\/","name":"Algoritmo preditivo - AI Consult","isPartOf":{"@id":"https:\/\/aiconsult.business\/pt_br\/#website"},"primaryImageOfPage":{"@id":"https:\/\/aiconsult.business\/en\/algoritmo-preditivo\/#primaryimage"},"image":{"@id":"https:\/\/aiconsult.business\/en\/algoritmo-preditivo\/#primaryimage"},"thumbnailUrl":"https:\/\/aiconsult.business\/wp-content\/uploads\/elementor\/thumbs\/e-book-machine-learning-p10ygk36dkpxc397t7fxtekw9o47rxfbg0uejlezuk.jpg","datePublished":"2020-08-06T17:17:53+00:00","dateModified":"2021-03-15T22:39:20+00:00","breadcrumb":{"@id":"https:\/\/aiconsult.business\/en\/algoritmo-preditivo\/#breadcrumb"},"inLanguage":"en-US","potentialAction":[{"@type":"ReadAction","target":["https:\/\/aiconsult.business\/en\/algoritmo-preditivo\/"]}]},{"@type":"ImageObject","inLanguage":"en-US","@id":"https:\/\/aiconsult.business\/en\/algoritmo-preditivo\/#primaryimage","url":"https:\/\/aiconsult.business\/wp-content\/uploads\/elementor\/thumbs\/e-book-machine-learning-p10ygk36dkpxc397t7fxtekw9o47rxfbg0uejlezuk.jpg","contentUrl":"https:\/\/aiconsult.business\/wp-content\/uploads\/elementor\/thumbs\/e-book-machine-learning-p10ygk36dkpxc397t7fxtekw9o47rxfbg0uejlezuk.jpg"},{"@type":"BreadcrumbList","@id":"https:\/\/aiconsult.business\/en\/algoritmo-preditivo\/#breadcrumb","itemListElement":[{"@type":"ListItem","position":1,"name":"In\u00edcio","item":"https:\/\/aiconsult.business\/pt_br\/"},{"@type":"ListItem","position":2,"name":"Algoritmo preditivo"}]},{"@type":"WebSite","@id":"https:\/\/aiconsult.business\/pt_br\/#website","url":"https:\/\/aiconsult.business\/pt_br\/","name":"AI Consult","description":"Intelig\u00eancia artificial","potentialAction":[{"@type":"SearchAction","target":{"@type":"EntryPoint","urlTemplate":"https:\/\/aiconsult.business\/pt_br\/?s={search_term_string}"},"query-input":{"@type":"PropertyValueSpecification","valueRequired":true,"valueName":"search_term_string"}}],"inLanguage":"en-US"}]}},"jetpack_sharing_enabled":true,"_links":{"self":[{"href":"https:\/\/aiconsult.business\/en\/wp-json\/wp\/v2\/pages\/267"}],"collection":[{"href":"https:\/\/aiconsult.business\/en\/wp-json\/wp\/v2\/pages"}],"about":[{"href":"https:\/\/aiconsult.business\/en\/wp-json\/wp\/v2\/types\/page"}],"author":[{"embeddable":true,"href":"https:\/\/aiconsult.business\/en\/wp-json\/wp\/v2\/users\/1"}],"replies":[{"embeddable":true,"href":"https:\/\/aiconsult.business\/en\/wp-json\/wp\/v2\/comments?post=267"}],"version-history":[{"count":0,"href":"https:\/\/aiconsult.business\/en\/wp-json\/wp\/v2\/pages\/267\/revisions"}],"wp:attachment":[{"href":"https:\/\/aiconsult.business\/en\/wp-json\/wp\/v2\/media?parent=267"}],"curies":[{"name":"wp","href":"https:\/\/api.w.org\/{rel}","templated":true}]}}