{"id":977,"date":"2021-01-14T11:33:03","date_gmt":"2021-01-14T11:33:03","guid":{"rendered":"https:\/\/aiconsult.business\/?page_id=977"},"modified":"2021-06-24T18:48:07","modified_gmt":"2021-06-24T18:48:07","slug":"videos-e-webinars","status":"publish","type":"page","link":"https:\/\/aiconsult.business\/en\/videos-e-webinars\/","title":{"rendered":"V\u00eddeos e Webinars"},"content":{"rendered":"<body>\t\t<div data-elementor-type=\"wp-page\" data-elementor-id=\"977\" class=\"elementor elementor-977\">\n\t\t\t\t\t\t<section class=\"elementor-section elementor-top-section elementor-element elementor-element-a05ddf2 elementor-section-boxed elementor-section-height-default elementor-section-height-default\" data-id=\"a05ddf2\" data-element_type=\"section\" data-e-type=\"section\">\n\t\t\t\t\t\t<div class=\"elementor-container elementor-column-gap-default\">\n\t\t\t\t\t<div class=\"elementor-column elementor-col-100 elementor-top-column elementor-element elementor-element-9deebb4\" data-id=\"9deebb4\" data-element_type=\"column\" data-e-type=\"column\">\n\t\t\t<div class=\"elementor-widget-wrap elementor-element-populated\">\n\t\t\t\t\t\t<div class=\"elementor-element elementor-element-fdffd38 elementor-widget elementor-widget-heading\" data-id=\"fdffd38\" data-element_type=\"widget\" data-e-type=\"widget\" data-widget_type=\"heading.default\">\n\t\t\t\t<div class=\"elementor-widget-container\">\n\t\t\t\t\t<h2 class=\"elementor-heading-title elementor-size-default\">Videos &amp; Webinars:\n<\/h2><p>Our collection of videos in Portuguese &amp; English\t\t\t\t<\/p><\/div>\n\t\t\t\t<\/div>\n\t\t\t\t\t<\/div>\n\t\t<\/div>\n\t\t\t\t\t<\/div>\n\t\t<\/section>\n\t\t\t\t<section class=\"elementor-section elementor-top-section elementor-element elementor-element-19fa44f elementor-section-boxed elementor-section-height-default elementor-section-height-default\" data-id=\"19fa44f\" data-element_type=\"section\" data-e-type=\"section\">\n\t\t\t\t\t\t<div class=\"elementor-container elementor-column-gap-default\">\n\t\t\t\t\t<div class=\"elementor-column elementor-col-100 elementor-top-column elementor-element elementor-element-6176850\" data-id=\"6176850\" data-element_type=\"column\" data-e-type=\"column\">\n\t\t\t<div class=\"elementor-widget-wrap elementor-element-populated\">\n\t\t\t\t\t\t<section class=\"elementor-section elementor-inner-section elementor-element elementor-element-2ef4032 elementor-section-boxed elementor-section-height-default elementor-section-height-default\" data-id=\"2ef4032\" data-element_type=\"section\" data-e-type=\"section\">\n\t\t\t\t\t\t<div class=\"elementor-container elementor-column-gap-default\">\n\t\t\t\t\t<div class=\"elementor-column elementor-col-50 elementor-inner-column elementor-element elementor-element-2554139\" data-id=\"2554139\" data-element_type=\"column\" data-e-type=\"column\">\n\t\t\t<div class=\"elementor-widget-wrap elementor-element-populated\">\n\t\t\t\t\t\t<div class=\"elementor-element elementor-element-2a5c384 elementor-widget elementor-widget-heading\" data-id=\"2a5c384\" data-element_type=\"widget\" data-e-type=\"widget\" data-widget_type=\"heading.default\">\n\t\t\t\t<div class=\"elementor-widget-container\">\n\t\t\t\t\t<h2 class=\"elementor-heading-title elementor-size-default\">Machine Learning techniques applied to Enterprise decision making (PT)<\/h2>\t\t\t\t<\/div>\n\t\t\t\t<\/div>\n\t\t\t\t\t<\/div>\n\t\t<\/div>\n\t\t\t\t<div class=\"elementor-column elementor-col-50 elementor-inner-column elementor-element elementor-element-2887044\" data-id=\"2887044\" data-element_type=\"column\" data-e-type=\"column\">\n\t\t\t<div class=\"elementor-widget-wrap elementor-element-populated\">\n\t\t\t\t\t\t<div class=\"elementor-element elementor-element-d2d919a elementor-widget elementor-widget-heading\" data-id=\"d2d919a\" data-element_type=\"widget\" data-e-type=\"widget\" data-widget_type=\"heading.default\">\n\t\t\t\t<div class=\"elementor-widget-container\">\n\t\t\t\t\t<h2 class=\"elementor-heading-title elementor-size-default\">Predictive Maintaince: How to use AI in Industry (PT)<\/h2>\t\t\t\t<\/div>\n\t\t\t\t<\/div>\n\t\t\t\t\t<\/div>\n\t\t<\/div>\n\t\t\t\t\t<\/div>\n\t\t<\/section>\n\t\t\t\t<section class=\"elementor-section elementor-inner-section elementor-element elementor-element-d428d12 elementor-section-boxed elementor-section-height-default elementor-section-height-default\" data-id=\"d428d12\" data-element_type=\"section\" data-e-type=\"section\">\n\t\t\t\t\t\t<div class=\"elementor-container elementor-column-gap-default\">\n\t\t\t\t\t<div class=\"elementor-column elementor-col-50 elementor-inner-column elementor-element elementor-element-bedd875\" data-id=\"bedd875\" data-element_type=\"column\" data-e-type=\"column\">\n\t\t\t<div class=\"elementor-widget-wrap elementor-element-populated\">\n\t\t\t\t\t\t<div class=\"elementor-element elementor-element-c0b4877 elementor-widget elementor-widget-video\" data-id=\"c0b4877\" data-element_type=\"widget\" data-e-type=\"widget\" data-settings=\"{&quot;youtube_url&quot;:&quot;https:\\\/\\\/www.youtube.com\\\/watch?v=5eDHB2OiJmU&amp;feature=youtu.be&amp;utm_campaign=lembrete_leads_webinar_machine_learning&amp;utm_medium=email&amp;utm_source=RD+Station&quot;,&quot;video_type&quot;:&quot;youtube&quot;,&quot;controls&quot;:&quot;yes&quot;}\" data-widget_type=\"video.default\">\n\t\t\t\t<div class=\"elementor-widget-container\">\n\t\t\t\t\t\t\t<div class=\"elementor-wrapper elementor-open-inline\">\n\t\t\t<div class=\"elementor-video\"><\/div>\t\t<\/div>\n\t\t\t\t\t\t<\/div>\n\t\t\t\t<\/div>\n\t\t\t\t\t<\/div>\n\t\t<\/div>\n\t\t\t\t<div class=\"elementor-column elementor-col-50 elementor-inner-column elementor-element elementor-element-c129fa6\" data-id=\"c129fa6\" data-element_type=\"column\" data-e-type=\"column\">\n\t\t\t<div class=\"elementor-widget-wrap elementor-element-populated\">\n\t\t\t\t\t\t<div class=\"elementor-element elementor-element-b611079 elementor-widget elementor-widget-video\" data-id=\"b611079\" data-element_type=\"widget\" data-e-type=\"widget\" data-settings=\"{&quot;youtube_url&quot;:&quot;https:\\\/\\\/www.youtube.com\\\/watch?v=6yeJdAcD7sM&quot;,&quot;video_type&quot;:&quot;youtube&quot;,&quot;controls&quot;:&quot;yes&quot;}\" data-widget_type=\"video.default\">\n\t\t\t\t<div class=\"elementor-widget-container\">\n\t\t\t\t\t\t\t<div class=\"elementor-wrapper elementor-open-inline\">\n\t\t\t<div class=\"elementor-video\"><\/div>\t\t<\/div>\n\t\t\t\t\t\t<\/div>\n\t\t\t\t<\/div>\n\t\t\t\t\t<\/div>\n\t\t<\/div>\n\t\t\t\t\t<\/div>\n\t\t<\/section>\n\t\t\t\t\t<\/div>\n\t\t<\/div>\n\t\t\t\t\t<\/div>\n\t\t<\/section>\n\t\t\t\t<section class=\"elementor-section elementor-top-section elementor-element elementor-element-7778020 elementor-section-boxed elementor-section-height-default elementor-section-height-default\" data-id=\"7778020\" data-element_type=\"section\" data-e-type=\"section\">\n\t\t\t\t\t\t<div class=\"elementor-container elementor-column-gap-default\">\n\t\t\t\t\t<div class=\"elementor-column elementor-col-100 elementor-top-column elementor-element elementor-element-af466ad\" data-id=\"af466ad\" data-element_type=\"column\" data-e-type=\"column\">\n\t\t\t<div class=\"elementor-widget-wrap elementor-element-populated\">\n\t\t\t\t\t\t<section class=\"elementor-section elementor-inner-section elementor-element elementor-element-57a2555 elementor-section-boxed elementor-section-height-default elementor-section-height-default\" data-id=\"57a2555\" data-element_type=\"section\" data-e-type=\"section\">\n\t\t\t\t\t\t<div class=\"elementor-container elementor-column-gap-default\">\n\t\t\t\t\t<div class=\"elementor-column elementor-col-50 elementor-inner-column elementor-element elementor-element-3bb97d7\" data-id=\"3bb97d7\" data-element_type=\"column\" data-e-type=\"column\">\n\t\t\t<div class=\"elementor-widget-wrap elementor-element-populated\">\n\t\t\t\t\t\t<div class=\"elementor-element elementor-element-99312dd elementor-widget elementor-widget-heading\" data-id=\"99312dd\" data-element_type=\"widget\" data-e-type=\"widget\" data-widget_type=\"heading.default\">\n\t\t\t\t<div class=\"elementor-widget-container\">\n\t\t\t\t\t<h2 class=\"elementor-heading-title elementor-size-default\">COVID-19 impacts: Using AI to mitigate epidemic (PT)<\/h2>\t\t\t\t<\/div>\n\t\t\t\t<\/div>\n\t\t\t\t\t<\/div>\n\t\t<\/div>\n\t\t\t\t<div class=\"elementor-column elementor-col-50 elementor-inner-column elementor-element elementor-element-4897424\" data-id=\"4897424\" data-element_type=\"column\" data-e-type=\"column\">\n\t\t\t<div class=\"elementor-widget-wrap elementor-element-populated\">\n\t\t\t\t\t\t<div class=\"elementor-element elementor-element-1e22996 elementor-widget elementor-widget-heading\" data-id=\"1e22996\" data-element_type=\"widget\" data-e-type=\"widget\" data-widget_type=\"heading.default\">\n\t\t\t\t<div class=\"elementor-widget-container\">\n\t\t\t\t\t<h2 class=\"elementor-heading-title elementor-size-default\">ML102- Housing Price Prediction (EN)<\/h2>\t\t\t\t<\/div>\n\t\t\t\t<\/div>\n\t\t\t\t\t<\/div>\n\t\t<\/div>\n\t\t\t\t\t<\/div>\n\t\t<\/section>\n\t\t\t\t<section class=\"elementor-section elementor-inner-section elementor-element elementor-element-5cc5850 elementor-section-boxed elementor-section-height-default elementor-section-height-default\" data-id=\"5cc5850\" data-element_type=\"section\" data-e-type=\"section\">\n\t\t\t\t\t\t<div class=\"elementor-container elementor-column-gap-default\">\n\t\t\t\t\t<div class=\"elementor-column elementor-col-50 elementor-inner-column elementor-element elementor-element-ca86e87\" data-id=\"ca86e87\" data-element_type=\"column\" data-e-type=\"column\">\n\t\t\t<div class=\"elementor-widget-wrap elementor-element-populated\">\n\t\t\t\t\t\t<div class=\"elementor-element elementor-element-2f283a2 elementor-widget elementor-widget-video\" data-id=\"2f283a2\" data-element_type=\"widget\" data-e-type=\"widget\" data-settings=\"{&quot;youtube_url&quot;:&quot;https:\\\/\\\/www.youtube.com\\\/watch?v=mQ-1RcJZbCU&amp;feature=youtu.be&quot;,&quot;video_type&quot;:&quot;youtube&quot;,&quot;controls&quot;:&quot;yes&quot;}\" data-widget_type=\"video.default\">\n\t\t\t\t<div class=\"elementor-widget-container\">\n\t\t\t\t\t\t\t<div class=\"elementor-wrapper elementor-open-inline\">\n\t\t\t<div class=\"elementor-video\"><\/div>\t\t<\/div>\n\t\t\t\t\t\t<\/div>\n\t\t\t\t<\/div>\n\t\t\t\t\t<\/div>\n\t\t<\/div>\n\t\t\t\t<div class=\"elementor-column elementor-col-50 elementor-inner-column elementor-element elementor-element-f5261ec\" data-id=\"f5261ec\" data-element_type=\"column\" data-e-type=\"column\">\n\t\t\t<div class=\"elementor-widget-wrap elementor-element-populated\">\n\t\t\t\t\t\t<div class=\"elementor-element elementor-element-998eac7 elementor-widget elementor-widget-video\" data-id=\"998eac7\" data-element_type=\"widget\" data-e-type=\"widget\" data-settings=\"{&quot;youtube_url&quot;:&quot;https:\\\/\\\/www.youtube.com\\\/watch?v=JfB_7psRaa8&amp;feature=youtu.be&quot;,&quot;video_type&quot;:&quot;youtube&quot;,&quot;controls&quot;:&quot;yes&quot;}\" data-widget_type=\"video.default\">\n\t\t\t\t<div class=\"elementor-widget-container\">\n\t\t\t\t\t\t\t<div class=\"elementor-wrapper elementor-open-inline\">\n\t\t\t<div class=\"elementor-video\"><\/div>\t\t<\/div>\n\t\t\t\t\t\t<\/div>\n\t\t\t\t<\/div>\n\t\t\t\t\t<\/div>\n\t\t<\/div>\n\t\t\t\t\t<\/div>\n\t\t<\/section>\n\t\t\t\t<section class=\"elementor-section elementor-inner-section elementor-element elementor-element-3a1d662 elementor-section-boxed elementor-section-height-default elementor-section-height-default\" data-id=\"3a1d662\" data-element_type=\"section\" data-e-type=\"section\">\n\t\t\t\t\t\t<div class=\"elementor-container elementor-column-gap-default\">\n\t\t\t\t\t<div class=\"elementor-column elementor-col-50 elementor-inner-column elementor-element elementor-element-34e15c2\" data-id=\"34e15c2\" data-element_type=\"column\" data-e-type=\"column\">\n\t\t\t<div class=\"elementor-widget-wrap elementor-element-populated\">\n\t\t\t\t\t\t<div class=\"elementor-element elementor-element-4b82c28 elementor-widget elementor-widget-heading\" data-id=\"4b82c28\" data-element_type=\"widget\" data-e-type=\"widget\" data-widget_type=\"heading.default\">\n\t\t\t\t<div class=\"elementor-widget-container\">\n\t\t\t\t\t<h2 class=\"elementor-heading-title elementor-size-default\">AI applied to Pricing &amp; Discount Management (PT)<\/h2>\t\t\t\t<\/div>\n\t\t\t\t<\/div>\n\t\t\t\t\t<\/div>\n\t\t<\/div>\n\t\t\t\t<div class=\"elementor-column elementor-col-50 elementor-inner-column elementor-element elementor-element-5fb91ea\" data-id=\"5fb91ea\" data-element_type=\"column\" data-e-type=\"column\">\n\t\t\t<div class=\"elementor-widget-wrap elementor-element-populated\">\n\t\t\t\t\t\t<div class=\"elementor-element elementor-element-d84d418 elementor-widget elementor-widget-heading\" data-id=\"d84d418\" data-element_type=\"widget\" data-e-type=\"widget\" data-widget_type=\"heading.default\">\n\t\t\t\t<div class=\"elementor-widget-container\">\n\t\t\t\t\t<h2 class=\"elementor-heading-title elementor-size-default\">Applicating ML in Business Management (PT)<\/h2>\t\t\t\t<\/div>\n\t\t\t\t<\/div>\n\t\t\t\t\t<\/div>\n\t\t<\/div>\n\t\t\t\t\t<\/div>\n\t\t<\/section>\n\t\t\t\t<section class=\"elementor-section elementor-inner-section elementor-element elementor-element-beb1a9e elementor-section-boxed elementor-section-height-default elementor-section-height-default\" data-id=\"beb1a9e\" data-element_type=\"section\" data-e-type=\"section\">\n\t\t\t\t\t\t<div class=\"elementor-container elementor-column-gap-default\">\n\t\t\t\t\t<div class=\"elementor-column elementor-col-50 elementor-inner-column elementor-element elementor-element-2a79b6b\" data-id=\"2a79b6b\" data-element_type=\"column\" data-e-type=\"column\">\n\t\t\t<div class=\"elementor-widget-wrap elementor-element-populated\">\n\t\t\t\t\t\t<div class=\"elementor-element elementor-element-8edbf43 elementor-widget elementor-widget-video\" data-id=\"8edbf43\" data-element_type=\"widget\" data-e-type=\"widget\" data-settings=\"{&quot;youtube_url&quot;:&quot;https:\\\/\\\/www.youtube.com\\\/watch?v=FISuXFII5wM&quot;,&quot;video_type&quot;:&quot;youtube&quot;,&quot;controls&quot;:&quot;yes&quot;}\" data-widget_type=\"video.default\">\n\t\t\t\t<div class=\"elementor-widget-container\">\n\t\t\t\t\t\t\t<div class=\"elementor-wrapper elementor-open-inline\">\n\t\t\t<div class=\"elementor-video\"><\/div>\t\t<\/div>\n\t\t\t\t\t\t<\/div>\n\t\t\t\t<\/div>\n\t\t\t\t\t<\/div>\n\t\t<\/div>\n\t\t\t\t<div class=\"elementor-column elementor-col-50 elementor-inner-column elementor-element elementor-element-a92cd41\" data-id=\"a92cd41\" data-element_type=\"column\" data-e-type=\"column\">\n\t\t\t<div class=\"elementor-widget-wrap elementor-element-populated\">\n\t\t\t\t\t\t<div class=\"elementor-element elementor-element-b615332 elementor-widget elementor-widget-video\" data-id=\"b615332\" data-element_type=\"widget\" data-e-type=\"widget\" data-settings=\"{&quot;youtube_url&quot;:&quot;https:\\\/\\\/www.youtube.com\\\/watch?v=yAegYNF4syA&quot;,&quot;video_type&quot;:&quot;youtube&quot;,&quot;controls&quot;:&quot;yes&quot;}\" data-widget_type=\"video.default\">\n\t\t\t\t<div class=\"elementor-widget-container\">\n\t\t\t\t\t\t\t<div class=\"elementor-wrapper elementor-open-inline\">\n\t\t\t<div class=\"elementor-video\"><\/div>\t\t<\/div>\n\t\t\t\t\t\t<\/div>\n\t\t\t\t<\/div>\n\t\t\t\t\t<\/div>\n\t\t<\/div>\n\t\t\t\t\t<\/div>\n\t\t<\/section>\n\t\t\t\t\t<\/div>\n\t\t<\/div>\n\t\t\t\t\t<\/div>\n\t\t<\/section>\n\t\t\t\t<\/div>\n\t\t<\/body>","protected":false},"excerpt":{"rendered":"<p>V\u00eddeos e Webinars: Confira nossos conte\u00fados audiviosuais! T\u00e9cnicas de Machine Learning aplicadas \u00e0 tomada de decis\u00e3o empresarial Manuten\u00e7\u00e3o Preditiva: Como utilizar a intelig\u00eancia artificial na ind\u00fastria Impactos da COVID-19: O uso da intelig\u00eancia artificial na mitiga\u00e7\u00e3o da epidemia ML102- Housing Price Prediction (em ingl\u00eas) Intelig\u00eancia artificial aplicada ao Pricing e \u00e0 gest\u00e3o de descontos Aplica\u00e7\u00f5es [&#8230;]\n","protected":false},"author":1,"featured_media":1325,"parent":0,"menu_order":0,"comment_status":"closed","ping_status":"closed","template":"","meta":{"_joinchat":[],"footnotes":""},"class_list":["post-977","page","type-page","status-publish","has-post-thumbnail","hentry"],"yoast_head":"<!-- This site is optimized with the Yoast SEO plugin v25.6 - https:\/\/yoast.com\/wordpress\/plugins\/seo\/ -->\n<title>V\u00eddeos e Webinars - AI Consult<\/title>\n<meta name=\"description\" content=\"Confira nossa cole\u00e7\u00e3o de v\u00eddeos e webinars\" \/>\n<meta name=\"robots\" content=\"index, follow, max-snippet:-1, max-image-preview:large, max-video-preview:-1\" \/>\n<link rel=\"canonical\" href=\"https:\/\/aiconsult.business\/en\/videos-e-webinars\/\" \/>\n<meta property=\"og:locale\" content=\"en_US\" \/>\n<meta property=\"og:type\" content=\"article\" \/>\n<meta property=\"og:title\" content=\"V\u00eddeos &amp; Webinars - AI Consult\" \/>\n<meta property=\"og:description\" content=\"Confira nossa cole\u00e7\u00e3o de v\u00eddeos e webinars\" \/>\n<meta property=\"og:url\" content=\"https:\/\/aiconsult.business\/en\/videos-e-webinars\/\" \/>\n<meta property=\"og:site_name\" content=\"AI Consult\" \/>\n<meta property=\"article:modified_time\" content=\"2021-06-24T18:48:07+00:00\" \/>\n<meta property=\"og:image\" content=\"https:\/\/aiconsult.business\/wp-content\/uploads\/2021\/06\/Banner-Videos.png\" \/>\n\t<meta property=\"og:image:width\" content=\"1140\" \/>\n\t<meta property=\"og:image:height\" content=\"500\" \/>\n\t<meta property=\"og:image:type\" content=\"image\/png\" \/>\n<meta name=\"twitter:card\" content=\"summary_large_image\" \/>\n<meta name=\"twitter:title\" content=\"V\u00eddeos &amp; Webinars - AI Consult\" \/>\n<meta name=\"twitter:description\" content=\"Confira nossa cole\u00e7\u00e3o de v\u00eddeos e webinars\" \/>\n<meta name=\"twitter:image\" content=\"https:\/\/i0.wp.com\/aiconsult.business\/wp-content\/uploads\/2021\/06\/Banner-Videos.png?fit=1140%2C500&ssl=1\" \/>\n<meta name=\"twitter:label1\" content=\"Est. reading time\" \/>\n\t<meta name=\"twitter:data1\" content=\"1 minute\" \/>\n<script type=\"application\/ld+json\" class=\"yoast-schema-graph\">{\"@context\":\"https:\/\/schema.org\",\"@graph\":[{\"@type\":\"WebPage\",\"@id\":\"https:\/\/aiconsult.business\/pt_br\/videos-e-webinars\/\",\"url\":\"https:\/\/aiconsult.business\/pt_br\/videos-e-webinars\/\",\"name\":\"V\u00eddeos e Webinars - AI Consult\",\"isPartOf\":{\"@id\":\"https:\/\/aiconsult.business\/pt_br\/#website\"},\"primaryImageOfPage\":{\"@id\":\"https:\/\/aiconsult.business\/pt_br\/videos-e-webinars\/#primaryimage\"},\"image\":{\"@id\":\"https:\/\/aiconsult.business\/pt_br\/videos-e-webinars\/#primaryimage\"},\"thumbnailUrl\":\"https:\/\/i0.wp.com\/aiconsult.business\/wp-content\/uploads\/2021\/06\/Banner-Videos.png?fit=1140%2C500&ssl=1\",\"datePublished\":\"2021-01-14T11:33:03+00:00\",\"dateModified\":\"2021-06-24T18:48:07+00:00\",\"description\":\"Confira nossa cole\u00e7\u00e3o de v\u00eddeos e webinars\",\"breadcrumb\":{\"@id\":\"https:\/\/aiconsult.business\/pt_br\/videos-e-webinars\/#breadcrumb\"},\"inLanguage\":\"en-US\",\"potentialAction\":[{\"@type\":\"ReadAction\",\"target\":[\"https:\/\/aiconsult.business\/pt_br\/videos-e-webinars\/\"]}]},{\"@type\":\"ImageObject\",\"inLanguage\":\"en-US\",\"@id\":\"https:\/\/aiconsult.business\/pt_br\/videos-e-webinars\/#primaryimage\",\"url\":\"https:\/\/i0.wp.com\/aiconsult.business\/wp-content\/uploads\/2021\/06\/Banner-Videos.png?fit=1140%2C500&ssl=1\",\"contentUrl\":\"https:\/\/i0.wp.com\/aiconsult.business\/wp-content\/uploads\/2021\/06\/Banner-Videos.png?fit=1140%2C500&ssl=1\",\"width\":1140,\"height\":500},{\"@type\":\"BreadcrumbList\",\"@id\":\"https:\/\/aiconsult.business\/pt_br\/videos-e-webinars\/#breadcrumb\",\"itemListElement\":[{\"@type\":\"ListItem\",\"position\":1,\"name\":\"In\u00edcio\",\"item\":\"https:\/\/aiconsult.business\/pt_br\/\"},{\"@type\":\"ListItem\",\"position\":2,\"name\":\"V\u00eddeos e Webinars\"}]},{\"@type\":\"WebSite\",\"@id\":\"https:\/\/aiconsult.business\/pt_br\/#website\",\"url\":\"https:\/\/aiconsult.business\/pt_br\/\",\"name\":\"AI Consult\",\"description\":\"Intelig\u00eancia artificial\",\"potentialAction\":[{\"@type\":\"SearchAction\",\"target\":{\"@type\":\"EntryPoint\",\"urlTemplate\":\"https:\/\/aiconsult.business\/pt_br\/?s={search_term_string}\"},\"query-input\":{\"@type\":\"PropertyValueSpecification\",\"valueRequired\":true,\"valueName\":\"search_term_string\"}}],\"inLanguage\":\"en-US\"}]}<\/script>\n<!-- \/ Yoast SEO plugin. -->","yoast_head_json":{"title":"V\u00eddeos e Webinars - AI Consult","description":"Confira nossa cole\u00e7\u00e3o de v\u00eddeos e webinars","robots":{"index":"index","follow":"follow","max-snippet":"max-snippet:-1","max-image-preview":"max-image-preview:large","max-video-preview":"max-video-preview:-1"},"canonical":"https:\/\/aiconsult.business\/en\/videos-e-webinars\/","og_locale":"en_US","og_type":"article","og_title":"V\u00eddeos & Webinars - AI Consult","og_description":"Confira nossa cole\u00e7\u00e3o de v\u00eddeos e webinars","og_url":"https:\/\/aiconsult.business\/en\/videos-e-webinars\/","og_site_name":"AI Consult","article_modified_time":"2021-06-24T18:48:07+00:00","og_image":[{"width":1140,"height":500,"url":"https:\/\/aiconsult.business\/wp-content\/uploads\/2021\/06\/Banner-Videos.png","type":"image\/png"}],"twitter_card":"summary_large_image","twitter_title":"V\u00eddeos & Webinars - AI Consult","twitter_description":"Confira nossa cole\u00e7\u00e3o de v\u00eddeos e webinars","twitter_image":"https:\/\/i0.wp.com\/aiconsult.business\/wp-content\/uploads\/2021\/06\/Banner-Videos.png?fit=1140%2C500&ssl=1","twitter_misc":{"Est. reading time":"1 minute"},"schema":{"@context":"https:\/\/schema.org","@graph":[{"@type":"WebPage","@id":"https:\/\/aiconsult.business\/pt_br\/videos-e-webinars\/","url":"https:\/\/aiconsult.business\/pt_br\/videos-e-webinars\/","name":"V\u00eddeos e Webinars - AI Consult","isPartOf":{"@id":"https:\/\/aiconsult.business\/pt_br\/#website"},"primaryImageOfPage":{"@id":"https:\/\/aiconsult.business\/pt_br\/videos-e-webinars\/#primaryimage"},"image":{"@id":"https:\/\/aiconsult.business\/pt_br\/videos-e-webinars\/#primaryimage"},"thumbnailUrl":"https:\/\/i0.wp.com\/aiconsult.business\/wp-content\/uploads\/2021\/06\/Banner-Videos.png?fit=1140%2C500&ssl=1","datePublished":"2021-01-14T11:33:03+00:00","dateModified":"2021-06-24T18:48:07+00:00","description":"Confira nossa cole\u00e7\u00e3o de v\u00eddeos e webinars","breadcrumb":{"@id":"https:\/\/aiconsult.business\/pt_br\/videos-e-webinars\/#breadcrumb"},"inLanguage":"en-US","potentialAction":[{"@type":"ReadAction","target":["https:\/\/aiconsult.business\/pt_br\/videos-e-webinars\/"]}]},{"@type":"ImageObject","inLanguage":"en-US","@id":"https:\/\/aiconsult.business\/pt_br\/videos-e-webinars\/#primaryimage","url":"https:\/\/i0.wp.com\/aiconsult.business\/wp-content\/uploads\/2021\/06\/Banner-Videos.png?fit=1140%2C500&ssl=1","contentUrl":"https:\/\/i0.wp.com\/aiconsult.business\/wp-content\/uploads\/2021\/06\/Banner-Videos.png?fit=1140%2C500&ssl=1","width":1140,"height":500},{"@type":"BreadcrumbList","@id":"https:\/\/aiconsult.business\/pt_br\/videos-e-webinars\/#breadcrumb","itemListElement":[{"@type":"ListItem","position":1,"name":"In\u00edcio","item":"https:\/\/aiconsult.business\/pt_br\/"},{"@type":"ListItem","position":2,"name":"V\u00eddeos e Webinars"}]},{"@type":"WebSite","@id":"https:\/\/aiconsult.business\/pt_br\/#website","url":"https:\/\/aiconsult.business\/pt_br\/","name":"AI Consult","description":"Intelig\u00eancia artificial","potentialAction":[{"@type":"SearchAction","target":{"@type":"EntryPoint","urlTemplate":"https:\/\/aiconsult.business\/pt_br\/?s={search_term_string}"},"query-input":{"@type":"PropertyValueSpecification","valueRequired":true,"valueName":"search_term_string"}}],"inLanguage":"en-US"}]}},"jetpack_sharing_enabled":true,"_links":{"self":[{"href":"https:\/\/aiconsult.business\/en\/wp-json\/wp\/v2\/pages\/977"}],"collection":[{"href":"https:\/\/aiconsult.business\/en\/wp-json\/wp\/v2\/pages"}],"about":[{"href":"https:\/\/aiconsult.business\/en\/wp-json\/wp\/v2\/types\/page"}],"author":[{"embeddable":true,"href":"https:\/\/aiconsult.business\/en\/wp-json\/wp\/v2\/users\/1"}],"replies":[{"embeddable":true,"href":"https:\/\/aiconsult.business\/en\/wp-json\/wp\/v2\/comments?post=977"}],"version-history":[{"count":0,"href":"https:\/\/aiconsult.business\/en\/wp-json\/wp\/v2\/pages\/977\/revisions"}],"wp:featuredmedia":[{"embeddable":true,"href":"https:\/\/aiconsult.business\/en\/wp-json\/wp\/v2\/media\/1325"}],"wp:attachment":[{"href":"https:\/\/aiconsult.business\/en\/wp-json\/wp\/v2\/media?parent=977"}],"curies":[{"name":"wp","href":"https:\/\/api.w.org\/{rel}","templated":true}]}}