{"id":299,"date":"2020-08-06T23:42:46","date_gmt":"2020-08-06T23:42:46","guid":{"rendered":"https:\/\/aiconsult.business\/?page_id=299"},"modified":"2020-09-02T21:25:36","modified_gmt":"2020-09-02T21:25:36","slug":"fale-conosco","status":"publish","type":"page","link":"https:\/\/aiconsult.business\/pt_br\/fale-conosco\/","title":{"rendered":"Fale conosco"},"content":{"rendered":"<body>\t\t<div data-elementor-type=\"wp-page\" data-elementor-id=\"299\" class=\"elementor elementor-299\">\n\t\t\t\t\t\t<section class=\"elementor-section elementor-top-section elementor-element elementor-element-5d2464d elementor-section-height-min-height elementor-section-boxed elementor-section-height-default elementor-section-items-middle\" data-id=\"5d2464d\" data-element_type=\"section\" data-e-type=\"section\" data-settings=\"{&quot;background_background&quot;:&quot;classic&quot;}\">\n\t\t\t\t\t\t<div class=\"elementor-container elementor-column-gap-no\">\n\t\t\t\t\t<div class=\"elementor-column elementor-col-100 elementor-top-column elementor-element elementor-element-52f21eef\" data-id=\"52f21eef\" data-element_type=\"column\" data-e-type=\"column\">\n\t\t\t<div class=\"elementor-widget-wrap elementor-element-populated\">\n\t\t\t\t\t\t<div class=\"elementor-element elementor-element-44356e0c elementor-widget elementor-widget-heading\" data-id=\"44356e0c\" data-element_type=\"widget\" data-e-type=\"widget\" data-widget_type=\"heading.default\">\n\t\t\t\t<div class=\"elementor-widget-container\">\n\t\t\t\t\t<h2 class=\"elementor-heading-title elementor-size-default\">Fale conosco<\/h2>\t\t\t\t<\/div>\n\t\t\t\t<\/div>\n\t\t\t\t\t<\/div>\n\t\t<\/div>\n\t\t\t\t\t<\/div>\n\t\t<\/section>\n\t\t\t\t<section class=\"elementor-section elementor-top-section elementor-element elementor-element-71c1dd48 elementor-section-height-min-height elementor-section-boxed elementor-section-height-default elementor-section-items-middle\" data-id=\"71c1dd48\" data-element_type=\"section\" data-e-type=\"section\" data-settings=\"{&quot;background_background&quot;:&quot;classic&quot;}\">\n\t\t\t\t\t\t<div class=\"elementor-container elementor-column-gap-no\">\n\t\t\t\t\t<div class=\"elementor-column elementor-col-50 elementor-top-column elementor-element elementor-element-6ca1845c\" data-id=\"6ca1845c\" data-element_type=\"column\" data-e-type=\"column\">\n\t\t\t<div class=\"elementor-widget-wrap elementor-element-populated\">\n\t\t\t\t\t\t<div class=\"elementor-element elementor-element-7eae6c24 elementor-widget elementor-widget-image\" data-id=\"7eae6c24\" data-element_type=\"widget\" data-e-type=\"widget\" data-widget_type=\"image.default\">\n\t\t\t\t<div class=\"elementor-widget-container\">\n\t\t\t\t\t\t\t\t\t\t\t\t\t\t\t<img loading=\"lazy\" decoding=\"async\" width=\"545\" height=\"545\" src=\"https:\/\/i0.wp.com\/aiconsult.business\/wp-content\/uploads\/2020\/08\/20873.png?fit=545%2C545&amp;ssl=1\" class=\"attachment-large size-large wp-image-302\" alt=\"\" srcset=\"https:\/\/i0.wp.com\/aiconsult.business\/wp-content\/uploads\/2020\/08\/20873.png?w=545&amp;ssl=1 545w, https:\/\/i0.wp.com\/aiconsult.business\/wp-content\/uploads\/2020\/08\/20873.png?resize=300%2C300&amp;ssl=1 300w, https:\/\/i0.wp.com\/aiconsult.business\/wp-content\/uploads\/2020\/08\/20873.png?resize=150%2C150&amp;ssl=1 150w\" sizes=\"(max-width: 545px) 100vw, 545px\" loading=\"lazy\">\t\t\t\t\t\t\t\t\t\t\t\t\t\t\t<\/div>\n\t\t\t\t<\/div>\n\t\t\t\t\t<\/div>\n\t\t<\/div>\n\t\t\t\t<div class=\"elementor-column elementor-col-50 elementor-top-column elementor-element elementor-element-4dee568b\" data-id=\"4dee568b\" data-element_type=\"column\" data-e-type=\"column\">\n\t\t\t<div class=\"elementor-widget-wrap elementor-element-populated\">\n\t\t\t\t\t\t<div class=\"elementor-element elementor-element-a401f2a elementor-button-align-start elementor-widget elementor-widget-form\" data-id=\"a401f2a\" data-element_type=\"widget\" data-e-type=\"widget\" data-settings=\"{&quot;step_next_label&quot;:&quot;Next&quot;,&quot;step_previous_label&quot;:&quot;Previous&quot;,&quot;button_width&quot;:&quot;100&quot;,&quot;step_type&quot;:&quot;number_text&quot;,&quot;step_icon_shape&quot;:&quot;circle&quot;}\" data-widget_type=\"form.default\">\n\t\t\t\t<div class=\"elementor-widget-container\">\n\t\t\t\t\t\t\t<form class=\"elementor-form\" method=\"post\" name=\"New Form\">\n\t\t\t<input type=\"hidden\" name=\"post_id\" value=\"299\">\n\t\t\t<input type=\"hidden\" name=\"form_id\" value=\"a401f2a\">\n\t\t\t<input type=\"hidden\" name=\"referer_title\" value=\"AI Consult\">\n\n\t\t\t\n\t\t\t<div class=\"elementor-form-fields-wrapper elementor-labels-\">\n\t\t\t\t\t\t\t\t<div class=\"elementor-field-type-text elementor-field-group elementor-column elementor-field-group-name elementor-col-100\">\n\t\t\t\t\t\t\t\t\t\t\t\t\t<input size=\"1\" type=\"text\" name=\"form_fields[name]\" id=\"form-field-name\" class=\"elementor-field elementor-size-sm  elementor-field-textual\" placeholder=\"Nome\">\n\t\t\t\t\t\t\t\t\t\t\t<\/div>\n\t\t\t\t\t\t\t\t<div class=\"elementor-field-type-email elementor-field-group elementor-column elementor-field-group-email elementor-col-100 elementor-field-required\">\n\t\t\t\t\t\t\t\t\t\t\t\t\t<input size=\"1\" type=\"email\" name=\"form_fields[email]\" id=\"form-field-email\" class=\"elementor-field elementor-size-sm  elementor-field-textual\" placeholder=\"E-mail\" required=\"required\" aria-required=\"true\">\n\t\t\t\t\t\t\t\t\t\t\t<\/div>\n\t\t\t\t\t\t\t\t<div class=\"elementor-field-type-tel elementor-field-group elementor-column elementor-field-group-field_aee4faa elementor-col-100\">\n\t\t\t\t\t\t\t<input size=\"1\" type=\"tel\" name=\"form_fields[field_aee4faa]\" id=\"form-field-field_aee4faa\" class=\"elementor-field elementor-size-sm  elementor-field-textual\" placeholder=\"Telefone\" pattern=\"[0-9()#&amp;+*-=.]+\" title=\"Apenas n\u00fameros e caracteres de telefone (#, -, *, etc.) s\u00e3o aceitos.\">\n\n\t\t\t\t\t\t<\/div>\n\t\t\t\t\t\t\t\t<div class=\"elementor-field-type-textarea elementor-field-group elementor-column elementor-field-group-message elementor-col-100\">\n\t\t\t\t\t<textarea class=\"elementor-field-textual elementor-field  elementor-size-sm\" name=\"form_fields[message]\" id=\"form-field-message\" rows=\"16\" placeholder=\"Deixe sua mensagem\"><\/textarea>\t\t\t\t<\/div>\n\t\t\t\t\t\t\t\t<div class=\"elementor-field-group elementor-column elementor-field-type-submit elementor-col-100 e-form__buttons\">\n\t\t\t\t\t<button type=\"submit\" class=\"elementor-button elementor-size-sm\">\n\t\t\t\t\t\t<span>\n\t\t\t\t\t\t\t\t\t\t\t\t\t\t\t<span class=\" elementor-button-icon\">\n\t\t\t\t\t\t\t\t\t\t\t\t\t\t\t\t\t\t\t\t\t\t\t\t\t\t<\/span>\n\t\t\t\t\t\t\t\t\t\t\t\t\t\t\t\t\t\t\t\t\t\t<span class=\"elementor-button-text\">Enviar<\/span>\n\t\t\t\t\t\t\t\t\t\t\t\t\t<\/span>\n\t\t\t\t\t<\/button>\n\t\t\t\t<\/div>\n\t\t\t<\/div>\n\t\t<\/form>\n\t\t\t\t\t\t<\/div>\n\t\t\t\t<\/div>\n\t\t\t\t\t<\/div>\n\t\t<\/div>\n\t\t\t\t\t<\/div>\n\t\t<\/section>\n\t\t\t\t<section class=\"elementor-section elementor-top-section elementor-element elementor-element-198e23c8 elementor-section-height-min-height elementor-section-boxed elementor-section-height-default elementor-section-items-middle\" data-id=\"198e23c8\" data-element_type=\"section\" data-e-type=\"section\" data-settings=\"{&quot;background_background&quot;:&quot;classic&quot;}\">\n\t\t\t\t\t\t<div class=\"elementor-container elementor-column-gap-no\">\n\t\t\t\t\t<div class=\"elementor-column elementor-col-100 elementor-top-column elementor-element elementor-element-14ee2efd\" data-id=\"14ee2efd\" data-element_type=\"column\" data-e-type=\"column\">\n\t\t\t<div class=\"elementor-widget-wrap elementor-element-populated\">\n\t\t\t\t\t\t<section class=\"elementor-section elementor-inner-section elementor-element elementor-element-7a0729e1 elementor-section-boxed elementor-section-height-default elementor-section-height-default\" data-id=\"7a0729e1\" data-element_type=\"section\" data-e-type=\"section\">\n\t\t\t\t\t\t<div class=\"elementor-container elementor-column-gap-default\">\n\t\t\t\t\t<div class=\"elementor-column elementor-col-33 elementor-inner-column elementor-element elementor-element-188da973\" data-id=\"188da973\" data-element_type=\"column\" data-e-type=\"column\" data-settings=\"{&quot;background_background&quot;:&quot;classic&quot;}\">\n\t\t\t<div class=\"elementor-widget-wrap elementor-element-populated\">\n\t\t\t\t\t\t<div class=\"elementor-element elementor-element-132b6fd elementor-widget elementor-widget-image\" data-id=\"132b6fd\" data-element_type=\"widget\" data-e-type=\"widget\" data-widget_type=\"image.default\">\n\t\t\t\t<div class=\"elementor-widget-container\">\n\t\t\t\t\t\t\t\t\t\t\t\t\t\t\t<img loading=\"lazy\" decoding=\"async\" width=\"40\" height=\"40\" src=\"https:\/\/i0.wp.com\/aiconsult.business\/wp-content\/uploads\/2020\/08\/Grupo-de-m%C3%A1scara-16.png?fit=40%2C40&amp;ssl=1\" class=\"attachment-large size-large wp-image-306\" alt=\"\" loading=\"lazy\">\t\t\t\t\t\t\t\t\t\t\t\t\t\t\t<\/div>\n\t\t\t\t<\/div>\n\t\t\t\t<div class=\"elementor-element elementor-element-711bb74 elementor-widget elementor-widget-heading\" data-id=\"711bb74\" data-element_type=\"widget\" data-e-type=\"widget\" data-widget_type=\"heading.default\">\n\t\t\t\t<div class=\"elementor-widget-container\">\n\t\t\t\t\t<h2 class=\"elementor-heading-title elementor-size-default\">TELEFONE BRASIL<\/h2>\t\t\t\t<\/div>\n\t\t\t\t<\/div>\n\t\t\t\t<div class=\"elementor-element elementor-element-e1fb4d5 elementor-widget elementor-widget-heading\" data-id=\"e1fb4d5\" data-element_type=\"widget\" data-e-type=\"widget\" data-widget_type=\"heading.default\">\n\t\t\t\t<div class=\"elementor-widget-container\">\n\t\t\t\t\t<h2 class=\"elementor-heading-title elementor-size-default\">+55 (21) 99681-1983<\/h2>\t\t\t\t<\/div>\n\t\t\t\t<\/div>\n\t\t\t\t\t<\/div>\n\t\t<\/div>\n\t\t\t\t<div class=\"elementor-column elementor-col-33 elementor-inner-column elementor-element elementor-element-c6ab123\" data-id=\"c6ab123\" data-element_type=\"column\" data-e-type=\"column\" data-settings=\"{&quot;background_background&quot;:&quot;classic&quot;}\">\n\t\t\t<div class=\"elementor-widget-wrap elementor-element-populated\">\n\t\t\t\t\t\t<div class=\"elementor-element elementor-element-84a187a elementor-widget elementor-widget-image\" data-id=\"84a187a\" data-element_type=\"widget\" data-e-type=\"widget\" data-widget_type=\"image.default\">\n\t\t\t\t<div class=\"elementor-widget-container\">\n\t\t\t\t\t\t\t\t\t\t\t\t\t\t\t<img loading=\"lazy\" decoding=\"async\" width=\"40\" height=\"40\" src=\"https:\/\/i0.wp.com\/aiconsult.business\/wp-content\/uploads\/2020\/08\/Grupo-de-m%C3%A1scara-16.png?fit=40%2C40&amp;ssl=1\" class=\"attachment-large size-large wp-image-306\" alt=\"\" loading=\"lazy\">\t\t\t\t\t\t\t\t\t\t\t\t\t\t\t<\/div>\n\t\t\t\t<\/div>\n\t\t\t\t<div class=\"elementor-element elementor-element-a107f79 elementor-widget elementor-widget-heading\" data-id=\"a107f79\" data-element_type=\"widget\" data-e-type=\"widget\" data-widget_type=\"heading.default\">\n\t\t\t\t<div class=\"elementor-widget-container\">\n\t\t\t\t\t<h2 class=\"elementor-heading-title elementor-size-default\">TELEFONE USA<\/h2>\t\t\t\t<\/div>\n\t\t\t\t<\/div>\n\t\t\t\t<div class=\"elementor-element elementor-element-0e5281f elementor-widget elementor-widget-heading\" data-id=\"0e5281f\" data-element_type=\"widget\" data-e-type=\"widget\" data-widget_type=\"heading.default\">\n\t\t\t\t<div class=\"elementor-widget-container\">\n\t\t\t\t\t<h2 class=\"elementor-heading-title elementor-size-default\">+1 609-937-1897<\/h2>\t\t\t\t<\/div>\n\t\t\t\t<\/div>\n\t\t\t\t\t<\/div>\n\t\t<\/div>\n\t\t\t\t<div class=\"elementor-column elementor-col-33 elementor-inner-column elementor-element elementor-element-9171ce7\" data-id=\"9171ce7\" data-element_type=\"column\" data-e-type=\"column\" data-settings=\"{&quot;background_background&quot;:&quot;classic&quot;}\">\n\t\t\t<div class=\"elementor-widget-wrap elementor-element-populated\">\n\t\t\t\t\t\t<div class=\"elementor-element elementor-element-149f65e elementor-widget elementor-widget-image\" data-id=\"149f65e\" data-element_type=\"widget\" data-e-type=\"widget\" data-widget_type=\"image.default\">\n\t\t\t\t<div class=\"elementor-widget-container\">\n\t\t\t\t\t\t\t\t\t\t\t\t\t\t\t<img loading=\"lazy\" decoding=\"async\" width=\"40\" height=\"40\" src=\"https:\/\/i0.wp.com\/aiconsult.business\/wp-content\/uploads\/2020\/08\/Grupo-de-m%C3%A1scara-18.png?fit=40%2C40&amp;ssl=1\" class=\"attachment-large size-large wp-image-307\" alt=\"\" loading=\"lazy\">\t\t\t\t\t\t\t\t\t\t\t\t\t\t\t<\/div>\n\t\t\t\t<\/div>\n\t\t\t\t<div class=\"elementor-element elementor-element-4fae187 elementor-widget elementor-widget-heading\" data-id=\"4fae187\" data-element_type=\"widget\" data-e-type=\"widget\" data-widget_type=\"heading.default\">\n\t\t\t\t<div class=\"elementor-widget-container\">\n\t\t\t\t\t<h2 class=\"elementor-heading-title elementor-size-default\">OUVIDORIA<\/h2>\t\t\t\t<\/div>\n\t\t\t\t<\/div>\n\t\t\t\t<div class=\"elementor-element elementor-element-48a67aa elementor-widget elementor-widget-heading\" data-id=\"48a67aa\" data-element_type=\"widget\" data-e-type=\"widget\" data-widget_type=\"heading.default\">\n\t\t\t\t<div class=\"elementor-widget-container\">\n\t\t\t\t\t<h2 class=\"elementor-heading-title elementor-size-default\">vinicius@aiconsult.business<\/h2>\t\t\t\t<\/div>\n\t\t\t\t<\/div>\n\t\t\t\t\t<\/div>\n\t\t<\/div>\n\t\t\t\t\t<\/div>\n\t\t<\/section>\n\t\t\t\t\t<\/div>\n\t\t<\/div>\n\t\t\t\t\t<\/div>\n\t\t<\/section>\n\t\t\t\t<section class=\"elementor-section elementor-top-section elementor-element elementor-element-3134d40f elementor-section-height-min-height elementor-section-boxed elementor-section-height-default elementor-section-items-middle\" data-id=\"3134d40f\" data-element_type=\"section\" data-e-type=\"section\" data-settings=\"{&quot;background_background&quot;:&quot;classic&quot;}\">\n\t\t\t\t\t\t<div class=\"elementor-container elementor-column-gap-no\">\n\t\t\t\t\t<div class=\"elementor-column elementor-col-100 elementor-top-column elementor-element elementor-element-547e39e0\" data-id=\"547e39e0\" data-element_type=\"column\" data-e-type=\"column\">\n\t\t\t<div class=\"elementor-widget-wrap elementor-element-populated\">\n\t\t\t\t\t\t<div class=\"elementor-element elementor-element-3aae67d1 elementor-widget elementor-widget-heading\" data-id=\"3aae67d1\" data-element_type=\"widget\" data-e-type=\"widget\" data-widget_type=\"heading.default\">\n\t\t\t\t<div class=\"elementor-widget-container\">\n\t\t\t\t\t<h2 class=\"elementor-heading-title elementor-size-default\">Fale Com Nossos Especialistas\u200b<\/h2>\t\t\t\t<\/div>\n\t\t\t\t<\/div>\n\t\t\t\t<div class=\"elementor-element elementor-element-3303dffd elementor-align-center elementor-widget elementor-widget-button\" data-id=\"3303dffd\" data-element_type=\"widget\" data-e-type=\"widget\" data-widget_type=\"button.default\">\n\t\t\t\t<div class=\"elementor-widget-container\">\n\t\t\t\t\t\t\t\t\t<div class=\"elementor-button-wrapper\">\n\t\t\t\t\t<a class=\"elementor-button elementor-button-link elementor-size-sm elementor-animation-grow\" href=\"https:\/\/aiconsult.business\/fale-conosco\/\">\n\t\t\t\t\t\t<span class=\"elementor-button-content-wrapper\">\n\t\t\t\t\t\t\t\t\t<span class=\"elementor-button-text\">LIGAMOS PARA VOC\u00ca<\/span>\n\t\t\t\t\t<\/span>\n\t\t\t\t\t<\/a>\n\t\t\t\t<\/div>\n\t\t\t\t\t\t\t\t<\/div>\n\t\t\t\t<\/div>\n\t\t\t\t\t<\/div>\n\t\t<\/div>\n\t\t\t\t\t<\/div>\n\t\t<\/section>\n\t\t\t\t<\/div>\n\t\t<\/body>","protected":false},"excerpt":{"rendered":"<p>Fale conosco TELEFONE BRASIL +55 (21) 99681-1983 TELEFONE USA +1 609-937-1897 OUVIDORIA vinicius@aiconsult.business Fale Com Nossos Especialistas\u200b LIGAMOS PARA VOC\u00ca<\/p>\n","protected":false},"author":1,"featured_media":0,"parent":0,"menu_order":0,"comment_status":"closed","ping_status":"closed","template":"page-blank.php","meta":{"_joinchat":[],"footnotes":""},"class_list":["post-299","page","type-page","status-publish","hentry"],"yoast_head":"<!-- This site is optimized with the Yoast SEO plugin v25.6 - https:\/\/yoast.com\/wordpress\/plugins\/seo\/ -->\n<title>Fale conosco - AI Consult<\/title>\n<meta name=\"description\" content=\"Tire suas d\u00favidas e converse com nosso time de especialistas. Queremos ajud\u00e1-lo a ter a melhor experi\u00eancia com nossos servi\u00e7os!\" \/>\n<meta name=\"robots\" content=\"index, follow, max-snippet:-1, max-image-preview:large, max-video-preview:-1\" \/>\n<link rel=\"canonical\" href=\"https:\/\/aiconsult.business\/pt_br\/fale-conosco\/\" \/>\n<meta property=\"og:locale\" content=\"pt_BR\" \/>\n<meta property=\"og:type\" content=\"article\" \/>\n<meta property=\"og:title\" content=\"Fale conosco - AI Consult\" \/>\n<meta property=\"og:description\" content=\"Tire suas d\u00favidas e converse com nosso time de especialistas. Queremos ajud\u00e1-lo a ter a melhor experi\u00eancia com nossos servi\u00e7os!\" \/>\n<meta property=\"og:url\" content=\"https:\/\/aiconsult.business\/pt_br\/fale-conosco\/\" \/>\n<meta property=\"og:site_name\" content=\"AI Consult\" \/>\n<meta property=\"article:modified_time\" content=\"2020-09-02T21:25:36+00:00\" \/>\n<meta property=\"og:image\" content=\"https:\/\/aiconsult.business\/wp-content\/uploads\/2020\/08\/AI-Consult-facebook.png\" \/>\n\t<meta property=\"og:image:width\" content=\"531\" \/>\n\t<meta property=\"og:image:height\" content=\"231\" \/>\n\t<meta property=\"og:image:type\" content=\"image\/png\" \/>\n<meta name=\"twitter:card\" content=\"summary_large_image\" \/>\n<meta name=\"twitter:title\" content=\"Fale conosco - AI Consult\" \/>\n<meta name=\"twitter:description\" content=\"Tire suas d\u00favidas e converse com nosso time de especialistas. Queremos ajud\u00e1-lo a ter a melhor experi\u00eancia com nossos servi\u00e7os!\" \/>\n<meta name=\"twitter:image\" content=\"https:\/\/i0.wp.com\/aiconsult.business\/wp-content\/uploads\/2020\/08\/AI-Consult-facebook.png?fit=531%2C231&ssl=1\" \/>\n<script type=\"application\/ld+json\" class=\"yoast-schema-graph\">{\"@context\":\"https:\/\/schema.org\",\"@graph\":[{\"@type\":\"WebPage\",\"@id\":\"https:\/\/aiconsult.business\/pt_br\/fale-conosco\/\",\"url\":\"https:\/\/aiconsult.business\/pt_br\/fale-conosco\/\",\"name\":\"Fale conosco - AI Consult\",\"isPartOf\":{\"@id\":\"https:\/\/aiconsult.business\/pt_br\/#website\"},\"primaryImageOfPage\":{\"@id\":\"https:\/\/aiconsult.business\/pt_br\/fale-conosco\/#primaryimage\"},\"image\":{\"@id\":\"https:\/\/aiconsult.business\/pt_br\/fale-conosco\/#primaryimage\"},\"thumbnailUrl\":\"https:\/\/aiconsult.business\/wp-content\/uploads\/2020\/08\/20873.png\",\"datePublished\":\"2020-08-06T23:42:46+00:00\",\"dateModified\":\"2020-09-02T21:25:36+00:00\",\"description\":\"Tire suas d\u00favidas e converse com nosso time de especialistas. Queremos ajud\u00e1-lo a ter a melhor experi\u00eancia com nossos servi\u00e7os!\",\"breadcrumb\":{\"@id\":\"https:\/\/aiconsult.business\/pt_br\/fale-conosco\/#breadcrumb\"},\"inLanguage\":\"pt-BR\",\"potentialAction\":[{\"@type\":\"ReadAction\",\"target\":[\"https:\/\/aiconsult.business\/pt_br\/fale-conosco\/\"]}]},{\"@type\":\"ImageObject\",\"inLanguage\":\"pt-BR\",\"@id\":\"https:\/\/aiconsult.business\/pt_br\/fale-conosco\/#primaryimage\",\"url\":\"https:\/\/aiconsult.business\/wp-content\/uploads\/2020\/08\/20873.png\",\"contentUrl\":\"https:\/\/aiconsult.business\/wp-content\/uploads\/2020\/08\/20873.png\"},{\"@type\":\"BreadcrumbList\",\"@id\":\"https:\/\/aiconsult.business\/pt_br\/fale-conosco\/#breadcrumb\",\"itemListElement\":[{\"@type\":\"ListItem\",\"position\":1,\"name\":\"In\u00edcio\",\"item\":\"https:\/\/aiconsult.business\/pt_br\/\"},{\"@type\":\"ListItem\",\"position\":2,\"name\":\"Fale conosco\"}]},{\"@type\":\"WebSite\",\"@id\":\"https:\/\/aiconsult.business\/pt_br\/#website\",\"url\":\"https:\/\/aiconsult.business\/pt_br\/\",\"name\":\"AI Consult\",\"description\":\"Intelig\u00eancia artificial\",\"potentialAction\":[{\"@type\":\"SearchAction\",\"target\":{\"@type\":\"EntryPoint\",\"urlTemplate\":\"https:\/\/aiconsult.business\/pt_br\/?s={search_term_string}\"},\"query-input\":{\"@type\":\"PropertyValueSpecification\",\"valueRequired\":true,\"valueName\":\"search_term_string\"}}],\"inLanguage\":\"pt-BR\"}]}<\/script>\n<!-- \/ Yoast SEO plugin. -->","yoast_head_json":{"title":"Fale conosco - AI Consult","description":"Tire suas d\u00favidas e converse com nosso time de especialistas. Queremos ajud\u00e1-lo a ter a melhor experi\u00eancia com nossos servi\u00e7os!","robots":{"index":"index","follow":"follow","max-snippet":"max-snippet:-1","max-image-preview":"max-image-preview:large","max-video-preview":"max-video-preview:-1"},"canonical":"https:\/\/aiconsult.business\/pt_br\/fale-conosco\/","og_locale":"pt_BR","og_type":"article","og_title":"Fale conosco - AI Consult","og_description":"Tire suas d\u00favidas e converse com nosso time de especialistas. Queremos ajud\u00e1-lo a ter a melhor experi\u00eancia com nossos servi\u00e7os!","og_url":"https:\/\/aiconsult.business\/pt_br\/fale-conosco\/","og_site_name":"AI Consult","article_modified_time":"2020-09-02T21:25:36+00:00","og_image":[{"width":531,"height":231,"url":"https:\/\/aiconsult.business\/wp-content\/uploads\/2020\/08\/AI-Consult-facebook.png","type":"image\/png"}],"twitter_card":"summary_large_image","twitter_title":"Fale conosco - AI Consult","twitter_description":"Tire suas d\u00favidas e converse com nosso time de especialistas. Queremos ajud\u00e1-lo a ter a melhor experi\u00eancia com nossos servi\u00e7os!","twitter_image":"https:\/\/i0.wp.com\/aiconsult.business\/wp-content\/uploads\/2020\/08\/AI-Consult-facebook.png?fit=531%2C231&ssl=1","schema":{"@context":"https:\/\/schema.org","@graph":[{"@type":"WebPage","@id":"https:\/\/aiconsult.business\/pt_br\/fale-conosco\/","url":"https:\/\/aiconsult.business\/pt_br\/fale-conosco\/","name":"Fale conosco - AI Consult","isPartOf":{"@id":"https:\/\/aiconsult.business\/pt_br\/#website"},"primaryImageOfPage":{"@id":"https:\/\/aiconsult.business\/pt_br\/fale-conosco\/#primaryimage"},"image":{"@id":"https:\/\/aiconsult.business\/pt_br\/fale-conosco\/#primaryimage"},"thumbnailUrl":"https:\/\/aiconsult.business\/wp-content\/uploads\/2020\/08\/20873.png","datePublished":"2020-08-06T23:42:46+00:00","dateModified":"2020-09-02T21:25:36+00:00","description":"Tire suas d\u00favidas e converse com nosso time de especialistas. Queremos ajud\u00e1-lo a ter a melhor experi\u00eancia com nossos servi\u00e7os!","breadcrumb":{"@id":"https:\/\/aiconsult.business\/pt_br\/fale-conosco\/#breadcrumb"},"inLanguage":"pt-BR","potentialAction":[{"@type":"ReadAction","target":["https:\/\/aiconsult.business\/pt_br\/fale-conosco\/"]}]},{"@type":"ImageObject","inLanguage":"pt-BR","@id":"https:\/\/aiconsult.business\/pt_br\/fale-conosco\/#primaryimage","url":"https:\/\/aiconsult.business\/wp-content\/uploads\/2020\/08\/20873.png","contentUrl":"https:\/\/aiconsult.business\/wp-content\/uploads\/2020\/08\/20873.png"},{"@type":"BreadcrumbList","@id":"https:\/\/aiconsult.business\/pt_br\/fale-conosco\/#breadcrumb","itemListElement":[{"@type":"ListItem","position":1,"name":"In\u00edcio","item":"https:\/\/aiconsult.business\/pt_br\/"},{"@type":"ListItem","position":2,"name":"Fale conosco"}]},{"@type":"WebSite","@id":"https:\/\/aiconsult.business\/pt_br\/#website","url":"https:\/\/aiconsult.business\/pt_br\/","name":"AI Consult","description":"Intelig\u00eancia artificial","potentialAction":[{"@type":"SearchAction","target":{"@type":"EntryPoint","urlTemplate":"https:\/\/aiconsult.business\/pt_br\/?s={search_term_string}"},"query-input":{"@type":"PropertyValueSpecification","valueRequired":true,"valueName":"search_term_string"}}],"inLanguage":"pt-BR"}]}},"jetpack_sharing_enabled":true,"_links":{"self":[{"href":"https:\/\/aiconsult.business\/pt_br\/wp-json\/wp\/v2\/pages\/299"}],"collection":[{"href":"https:\/\/aiconsult.business\/pt_br\/wp-json\/wp\/v2\/pages"}],"about":[{"href":"https:\/\/aiconsult.business\/pt_br\/wp-json\/wp\/v2\/types\/page"}],"author":[{"embeddable":true,"href":"https:\/\/aiconsult.business\/pt_br\/wp-json\/wp\/v2\/users\/1"}],"replies":[{"embeddable":true,"href":"https:\/\/aiconsult.business\/pt_br\/wp-json\/wp\/v2\/comments?post=299"}],"version-history":[{"count":0,"href":"https:\/\/aiconsult.business\/pt_br\/wp-json\/wp\/v2\/pages\/299\/revisions"}],"wp:attachment":[{"href":"https:\/\/aiconsult.business\/pt_br\/wp-json\/wp\/v2\/media?parent=299"}],"curies":[{"name":"wp","href":"https:\/\/api.w.org\/{rel}","templated":true}]}}