{"id":865,"date":"2021-01-07T18:15:21","date_gmt":"2021-01-07T18:15:21","guid":{"rendered":"https:\/\/aiconsult.business\/?page_id=865"},"modified":"2021-03-09T21:35:07","modified_gmt":"2021-03-09T21:35:07","slug":"materiais-gratuitos","status":"publish","type":"page","link":"https:\/\/aiconsult.business\/pt_br\/materiais-gratuitos\/","title":{"rendered":"Materiais gratuitos"},"content":{"rendered":"<body>\t\t<div data-elementor-type=\"wp-page\" data-elementor-id=\"865\" class=\"elementor elementor-865\">\n\t\t\t\t\t\t<section class=\"elementor-section elementor-top-section elementor-element elementor-element-df05b58 elementor-section-boxed elementor-section-height-default elementor-section-height-default\" data-id=\"df05b58\" data-element_type=\"section\" data-e-type=\"section\">\n\t\t\t\t\t\t<div class=\"elementor-container elementor-column-gap-default\">\n\t\t\t\t\t<div class=\"elementor-column elementor-col-100 elementor-top-column elementor-element elementor-element-71fee52\" data-id=\"71fee52\" data-element_type=\"column\" data-e-type=\"column\">\n\t\t\t<div class=\"elementor-widget-wrap elementor-element-populated\">\n\t\t\t\t\t\t<div class=\"elementor-element elementor-element-8c9b9cb elementor-widget elementor-widget-heading\" data-id=\"8c9b9cb\" data-element_type=\"widget\" data-e-type=\"widget\" data-widget_type=\"heading.default\">\n\t\t\t\t<div class=\"elementor-widget-container\">\n\t\t\t\t\t<h1 class=\"elementor-heading-title elementor-size-default\">Conte\u00fados Gratuitos: <br>Baixe nossos materiais exclusivos!<\/h1>\t\t\t\t<\/div>\n\t\t\t\t<\/div>\n\t\t\t\t\t<\/div>\n\t\t<\/div>\n\t\t\t\t\t<\/div>\n\t\t<\/section>\n\t\t\t\t<section class=\"elementor-section elementor-top-section elementor-element elementor-element-3f51ecb elementor-section-boxed elementor-section-height-default elementor-section-height-default\" data-id=\"3f51ecb\" data-element_type=\"section\" data-e-type=\"section\">\n\t\t\t\t\t\t<div class=\"elementor-container elementor-column-gap-default\">\n\t\t\t\t\t<div class=\"elementor-column elementor-col-100 elementor-top-column elementor-element elementor-element-d594da0\" data-id=\"d594da0\" data-element_type=\"column\" data-e-type=\"column\">\n\t\t\t<div class=\"elementor-widget-wrap elementor-element-populated\">\n\t\t\t\t\t\t<section class=\"elementor-section elementor-inner-section elementor-element elementor-element-b3fffeb elementor-section-boxed elementor-section-height-default elementor-section-height-default\" data-id=\"b3fffeb\" data-element_type=\"section\" data-e-type=\"section\">\n\t\t\t\t\t\t<div class=\"elementor-container elementor-column-gap-default\">\n\t\t\t\t\t<div class=\"elementor-column elementor-col-50 elementor-inner-column elementor-element elementor-element-26fe2e8\" data-id=\"26fe2e8\" data-element_type=\"column\" data-e-type=\"column\">\n\t\t\t<div class=\"elementor-widget-wrap elementor-element-populated\">\n\t\t\t\t\t\t<div class=\"elementor-element elementor-element-534551e elementor-widget elementor-widget-image\" data-id=\"534551e\" data-element_type=\"widget\" data-e-type=\"widget\" data-widget_type=\"image.default\">\n\t\t\t\t<div class=\"elementor-widget-container\">\n\t\t\t\t\t\t\t\t\t\t\t\t\t\t\t\t<a href=\"https:\/\/materiais.aiconsult.business\/ebook-tecnicas-de-machine-learning\">\n\t\t\t\t\t\t\t<img loading=\"lazy\" decoding=\"async\" width=\"562\" height=\"397\" src=\"https:\/\/i0.wp.com\/aiconsult.business\/wp-content\/uploads\/2021\/01\/e-book-machine-learning-mini.jpg?fit=562%2C397&amp;ssl=1\" class=\"attachment-large size-large wp-image-906\" alt=\"\" srcset=\"https:\/\/i0.wp.com\/aiconsult.business\/wp-content\/uploads\/2021\/01\/e-book-machine-learning-mini.jpg?w=562&amp;ssl=1 562w, https:\/\/i0.wp.com\/aiconsult.business\/wp-content\/uploads\/2021\/01\/e-book-machine-learning-mini.jpg?resize=300%2C212&amp;ssl=1 300w, https:\/\/i0.wp.com\/aiconsult.business\/wp-content\/uploads\/2021\/01\/e-book-machine-learning-mini.jpg?resize=16%2C12&amp;ssl=1 16w\" sizes=\"(max-width: 562px) 100vw, 562px\" loading=\"lazy\">\t\t\t\t\t\t\t\t<\/a>\n\t\t\t\t\t\t\t\t\t\t\t\t\t\t\t<\/div>\n\t\t\t\t<\/div>\n\t\t\t\t<div class=\"elementor-element elementor-element-a5d9c9f elementor-widget elementor-widget-heading\" data-id=\"a5d9c9f\" data-element_type=\"widget\" data-e-type=\"widget\" data-widget_type=\"heading.default\">\n\t\t\t\t<div class=\"elementor-widget-container\">\n\t\t\t\t\t<h2 class=\"elementor-heading-title elementor-size-default\"><a href=\"https:\/\/materiais.aiconsult.business\/ebook-tecnicas-de-machine-learning\">Como aplicar as t\u00e9cnicas de machine learning no seu neg\u00f3cio<br><\/a><\/h2>\t\t\t\t<\/div>\n\t\t\t\t<\/div>\n\t\t\t\t<div class=\"elementor-element elementor-element-e174bd6 elementor-widget elementor-widget-text-editor\" data-id=\"e174bd6\" data-element_type=\"widget\" data-e-type=\"widget\" data-widget_type=\"text-editor.default\">\n\t\t\t\t<div class=\"elementor-widget-container\">\n\t\t\t\t\t\t\t\t\t<p>Voc\u00ea vai conhecer as principais tend\u00eancias de tecnologia no mercado atualmente: machine learning, intelig\u00eancia artificial e ci\u00eancia de dados. Entenda os principais problemas que a IA pode resolver e confira como criar o seu projeto de machine learning!<\/p>\t\t\t\t\t\t\t\t<\/div>\n\t\t\t\t<\/div>\n\t\t\t\t<div class=\"elementor-element elementor-element-25b95c0 elementor-align-center elementor-widget elementor-widget-button\" data-id=\"25b95c0\" data-element_type=\"widget\" data-e-type=\"widget\" data-widget_type=\"button.default\">\n\t\t\t\t<div class=\"elementor-widget-container\">\n\t\t\t\t\t\t\t\t\t<div class=\"elementor-button-wrapper\">\n\t\t\t\t\t<a class=\"elementor-button elementor-button-link elementor-size-sm\" href=\"https:\/\/materiais.aiconsult.business\/ebook-tecnicas-de-machine-learning\">\n\t\t\t\t\t\t<span class=\"elementor-button-content-wrapper\">\n\t\t\t\t\t\t\t\t\t<span class=\"elementor-button-text\">Baixe aqui<\/span>\n\t\t\t\t\t<\/span>\n\t\t\t\t\t<\/a>\n\t\t\t\t<\/div>\n\t\t\t\t\t\t\t\t<\/div>\n\t\t\t\t<\/div>\n\t\t\t\t\t<\/div>\n\t\t<\/div>\n\t\t\t\t<div class=\"elementor-column elementor-col-50 elementor-inner-column elementor-element elementor-element-5d77759\" data-id=\"5d77759\" data-element_type=\"column\" data-e-type=\"column\">\n\t\t\t<div class=\"elementor-widget-wrap elementor-element-populated\">\n\t\t\t\t\t\t<div class=\"elementor-element elementor-element-d4337c9 elementor-widget elementor-widget-image\" data-id=\"d4337c9\" data-element_type=\"widget\" data-e-type=\"widget\" data-widget_type=\"image.default\">\n\t\t\t\t<div class=\"elementor-widget-container\">\n\t\t\t\t\t\t\t\t\t\t\t\t\t\t\t\t<a href=\"https:\/\/materiais.aiconsult.business\/e-book-manutencao-preditiva\">\n\t\t\t\t\t\t\t<img loading=\"lazy\" decoding=\"async\" width=\"562\" height=\"397\" src=\"https:\/\/i0.wp.com\/aiconsult.business\/wp-content\/uploads\/2021\/01\/e-book-manutencao-preditiva-mini.jpg?fit=562%2C397&amp;ssl=1\" class=\"attachment-large size-large wp-image-905\" alt=\"\" srcset=\"https:\/\/i0.wp.com\/aiconsult.business\/wp-content\/uploads\/2021\/01\/e-book-manutencao-preditiva-mini.jpg?w=562&amp;ssl=1 562w, https:\/\/i0.wp.com\/aiconsult.business\/wp-content\/uploads\/2021\/01\/e-book-manutencao-preditiva-mini.jpg?resize=300%2C212&amp;ssl=1 300w, https:\/\/i0.wp.com\/aiconsult.business\/wp-content\/uploads\/2021\/01\/e-book-manutencao-preditiva-mini.jpg?resize=16%2C12&amp;ssl=1 16w\" sizes=\"(max-width: 562px) 100vw, 562px\" loading=\"lazy\">\t\t\t\t\t\t\t\t<\/a>\n\t\t\t\t\t\t\t\t\t\t\t\t\t\t\t<\/div>\n\t\t\t\t<\/div>\n\t\t\t\t<div class=\"elementor-element elementor-element-09c306e elementor-widget elementor-widget-heading\" data-id=\"09c306e\" data-element_type=\"widget\" data-e-type=\"widget\" data-widget_type=\"heading.default\">\n\t\t\t\t<div class=\"elementor-widget-container\">\n\t\t\t\t\t<h2 class=\"elementor-heading-title elementor-size-default\"><a href=\"https:\/\/materiais.aiconsult.business\/e-book-manutencao-preditiva\">Manuten\u00e7\u00e3o Preditiva: Reduzindo preju\u00edzos com a previs\u00e3o de falhas de equipamentos<\/a><\/h2>\t\t\t\t<\/div>\n\t\t\t\t<\/div>\n\t\t\t\t<div class=\"elementor-element elementor-element-00cfaef elementor-widget elementor-widget-text-editor\" data-id=\"00cfaef\" data-element_type=\"widget\" data-e-type=\"widget\" data-widget_type=\"text-editor.default\">\n\t\t\t\t<div class=\"elementor-widget-container\">\n\t\t\t\t\t\t\t\t\t<p>Entenda o que \u00e9 <strong>manuten\u00e7\u00e3o preditiva<\/strong> e a import\u00e2ncia da intelig\u00eancia artificial nessa estrat\u00e9gia. Voc\u00ea vai saber tamb\u00e9m como montar um projeto para o seu neg\u00f3cio!<\/p>\t\t\t\t\t\t\t\t<\/div>\n\t\t\t\t<\/div>\n\t\t\t\t<div class=\"elementor-element elementor-element-b8b95bd elementor-align-center elementor-widget elementor-widget-button\" data-id=\"b8b95bd\" data-element_type=\"widget\" data-e-type=\"widget\" data-widget_type=\"button.default\">\n\t\t\t\t<div class=\"elementor-widget-container\">\n\t\t\t\t\t\t\t\t\t<div class=\"elementor-button-wrapper\">\n\t\t\t\t\t<a class=\"elementor-button elementor-button-link elementor-size-sm\" href=\"https:\/\/materiais.aiconsult.business\/e-book-manutencao-preditiva\">\n\t\t\t\t\t\t<span class=\"elementor-button-content-wrapper\">\n\t\t\t\t\t\t\t\t\t<span class=\"elementor-button-text\">Baixe aqui<\/span>\n\t\t\t\t\t<\/span>\n\t\t\t\t\t<\/a>\n\t\t\t\t<\/div>\n\t\t\t\t\t\t\t\t<\/div>\n\t\t\t\t<\/div>\n\t\t\t\t\t<\/div>\n\t\t<\/div>\n\t\t\t\t\t<\/div>\n\t\t<\/section>\n\t\t\t\t\t<\/div>\n\t\t<\/div>\n\t\t\t\t\t<\/div>\n\t\t<\/section>\n\t\t\t\t<section class=\"elementor-section elementor-top-section elementor-element elementor-element-0c36694 elementor-section-boxed elementor-section-height-default elementor-section-height-default\" data-id=\"0c36694\" data-element_type=\"section\" data-e-type=\"section\">\n\t\t\t\t\t\t<div class=\"elementor-container elementor-column-gap-default\">\n\t\t\t\t\t<div class=\"elementor-column elementor-col-100 elementor-top-column elementor-element elementor-element-299510e\" data-id=\"299510e\" data-element_type=\"column\" data-e-type=\"column\">\n\t\t\t<div class=\"elementor-widget-wrap elementor-element-populated\">\n\t\t\t\t\t\t<section class=\"elementor-section elementor-inner-section elementor-element elementor-element-6cc239c elementor-section-boxed elementor-section-height-default elementor-section-height-default\" data-id=\"6cc239c\" data-element_type=\"section\" data-e-type=\"section\">\n\t\t\t\t\t\t<div class=\"elementor-container elementor-column-gap-default\">\n\t\t\t\t\t<div class=\"elementor-column elementor-col-50 elementor-inner-column elementor-element elementor-element-53dff3f\" data-id=\"53dff3f\" data-element_type=\"column\" data-e-type=\"column\">\n\t\t\t<div class=\"elementor-widget-wrap elementor-element-populated\">\n\t\t\t\t\t\t<div class=\"elementor-element elementor-element-2a690f7 elementor-widget elementor-widget-image\" data-id=\"2a690f7\" data-element_type=\"widget\" data-e-type=\"widget\" data-widget_type=\"image.default\">\n\t\t\t\t<div class=\"elementor-widget-container\">\n\t\t\t\t\t\t\t\t\t\t\t\t\t\t\t\t<a href=\"https:\/\/materiais.aiconsult.business\/e-book-preco-dinamico\">\n\t\t\t\t\t\t\t<img loading=\"lazy\" decoding=\"async\" width=\"842\" height=\"595\" src=\"https:\/\/i0.wp.com\/aiconsult.business\/wp-content\/uploads\/2021\/02\/e-book-Preco-Dinamico-O-metodo-para-melhorar-sua-estrategia-de-Pricing.jpg?fit=842%2C595&amp;ssl=1\" class=\"attachment-large size-large wp-image-998\" alt=\"\" srcset=\"https:\/\/i0.wp.com\/aiconsult.business\/wp-content\/uploads\/2021\/02\/e-book-Preco-Dinamico-O-metodo-para-melhorar-sua-estrategia-de-Pricing.jpg?w=842&amp;ssl=1 842w, https:\/\/i0.wp.com\/aiconsult.business\/wp-content\/uploads\/2021\/02\/e-book-Preco-Dinamico-O-metodo-para-melhorar-sua-estrategia-de-Pricing.jpg?resize=300%2C212&amp;ssl=1 300w, https:\/\/i0.wp.com\/aiconsult.business\/wp-content\/uploads\/2021\/02\/e-book-Preco-Dinamico-O-metodo-para-melhorar-sua-estrategia-de-Pricing.jpg?resize=768%2C543&amp;ssl=1 768w, https:\/\/i0.wp.com\/aiconsult.business\/wp-content\/uploads\/2021\/02\/e-book-Preco-Dinamico-O-metodo-para-melhorar-sua-estrategia-de-Pricing.jpg?resize=16%2C12&amp;ssl=1 16w\" sizes=\"(max-width: 842px) 100vw, 842px\" loading=\"lazy\">\t\t\t\t\t\t\t\t<\/a>\n\t\t\t\t\t\t\t\t\t\t\t\t\t\t\t<\/div>\n\t\t\t\t<\/div>\n\t\t\t\t<div class=\"elementor-element elementor-element-e17d619 elementor-widget elementor-widget-heading\" data-id=\"e17d619\" data-element_type=\"widget\" data-e-type=\"widget\" data-widget_type=\"heading.default\">\n\t\t\t\t<div class=\"elementor-widget-container\">\n\t\t\t\t\t<h2 class=\"elementor-heading-title elementor-size-default\">Pre\u00e7o Din\u00e2mico:\nO m\u00e9todo para melhorar sua estrat\u00e9\ufeffgia de Pricing<\/h2>\t\t\t\t<\/div>\n\t\t\t\t<\/div>\n\t\t\t\t<div class=\"elementor-element elementor-element-1106a38 elementor-widget elementor-widget-text-editor\" data-id=\"1106a38\" data-element_type=\"widget\" data-e-type=\"widget\" data-widget_type=\"text-editor.default\">\n\t\t\t\t<div class=\"elementor-widget-container\">\n\t\t\t\t\t\t\t\t\t<p>Explicamos o conceito de <strong>Pre\u00e7o Din\u00e2mico<\/strong>, os tipos de sistemas, seus benef\u00edcios, a import\u00e2ncia da\u00a0<strong>intelig\u00eancia artificial<\/strong>\u00a0na<strong>\u00a0precifica\u00e7\u00e3o<\/strong>\u00a0e quais s\u00e3o os desafios de implementa\u00e7\u00e3o de uma\u00a0<strong>solu\u00e7\u00e3o digital automatizada<\/strong>. Descubra como aplicar essa estrat\u00e9gia no seu neg\u00f3cio!<\/p>\t\t\t\t\t\t\t\t<\/div>\n\t\t\t\t<\/div>\n\t\t\t\t<div class=\"elementor-element elementor-element-0a0a7e1 elementor-align-center elementor-widget elementor-widget-button\" data-id=\"0a0a7e1\" data-element_type=\"widget\" data-e-type=\"widget\" data-widget_type=\"button.default\">\n\t\t\t\t<div class=\"elementor-widget-container\">\n\t\t\t\t\t\t\t\t\t<div class=\"elementor-button-wrapper\">\n\t\t\t\t\t<a class=\"elementor-button elementor-button-link elementor-size-sm\" href=\"https:\/\/materiais.aiconsult.business\/e-book-preco-dinamico\">\n\t\t\t\t\t\t<span class=\"elementor-button-content-wrapper\">\n\t\t\t\t\t\t\t\t\t<span class=\"elementor-button-text\">Baixe aqui<\/span>\n\t\t\t\t\t<\/span>\n\t\t\t\t\t<\/a>\n\t\t\t\t<\/div>\n\t\t\t\t\t\t\t\t<\/div>\n\t\t\t\t<\/div>\n\t\t\t\t\t<\/div>\n\t\t<\/div>\n\t\t\t\t<div class=\"elementor-column elementor-col-50 elementor-inner-column elementor-element elementor-element-c7e1bbe\" data-id=\"c7e1bbe\" data-element_type=\"column\" data-e-type=\"column\">\n\t\t\t<div class=\"elementor-widget-wrap\">\n\t\t\t\t\t\t\t<\/div>\n\t\t<\/div>\n\t\t\t\t\t<\/div>\n\t\t<\/section>\n\t\t\t\t<div class=\"elementor-element elementor-element-022f3eb elementor-widget elementor-widget-text-editor\" data-id=\"022f3eb\" data-element_type=\"widget\" data-e-type=\"widget\" data-widget_type=\"text-editor.default\">\n\t\t\t\t<div class=\"elementor-widget-container\">\n\t\t\t\t\t\t\t\t\t<h3 class=\"elementor-heading-title elementor-size-default elementor-inline-editing pen\" contenteditable=\"true\" data-elementor-setting-key=\"title\" data-pen-placeholder=\"Type Here...\"><a href=\"https:\/\/aiconsult.business\/pt_br\/blog\/\">Confira tamb\u00e9m nossos artigos no blog!\u200b<\/a><\/h3>\t\t\t\t\t\t\t\t<\/div>\n\t\t\t\t<\/div>\n\t\t\t\t\t<\/div>\n\t\t<\/div>\n\t\t\t\t\t<\/div>\n\t\t<\/section>\n\t\t\t\t<\/div>\n\t\t<\/body>","protected":false},"excerpt":{"rendered":"<p>Conte\u00fados Gratuitos: Baixe nossos materiais exclusivos! Como aplicar as t\u00e9cnicas de machine learning no seu neg\u00f3cio Voc\u00ea vai conhecer as principais tend\u00eancias de tecnologia no mercado atualmente: machine learning, intelig\u00eancia artificial e ci\u00eancia de dados. Entenda os principais problemas que a IA pode resolver e confira como criar o seu projeto de machine learning! Baixe [&#8230;]\n","protected":false},"author":1,"featured_media":0,"parent":0,"menu_order":0,"comment_status":"closed","ping_status":"closed","template":"","meta":{"_joinchat":[],"footnotes":""},"class_list":["post-865","page","type-page","status-publish","hentry"],"yoast_head":"<!-- This site is optimized with the Yoast SEO plugin v25.6 - https:\/\/yoast.com\/wordpress\/plugins\/seo\/ -->\n<title>Materiais gratuitos - AI Consult<\/title>\n<meta name=\"robots\" content=\"index, follow, max-snippet:-1, max-image-preview:large, max-video-preview:-1\" \/>\n<link rel=\"canonical\" href=\"https:\/\/aiconsult.business\/pt_br\/materiais-gratuitos\/\" \/>\n<meta property=\"og:locale\" content=\"pt_BR\" \/>\n<meta property=\"og:type\" content=\"article\" \/>\n<meta property=\"og:title\" content=\"Materiais gratuitos - AI Consult\" \/>\n<meta property=\"og:description\" content=\"Conte\u00fados Gratuitos: Baixe nossos materiais exclusivos! Como aplicar as t\u00e9cnicas de machine learning no seu neg\u00f3cio Voc\u00ea vai conhecer as principais tend\u00eancias de tecnologia no mercado atualmente: machine learning, intelig\u00eancia artificial e ci\u00eancia de dados. Entenda os principais problemas que a IA pode resolver e confira como criar o seu projeto de machine learning! Baixe [...]\" \/>\n<meta property=\"og:url\" content=\"https:\/\/aiconsult.business\/pt_br\/materiais-gratuitos\/\" \/>\n<meta property=\"og:site_name\" content=\"AI Consult\" \/>\n<meta property=\"article:modified_time\" content=\"2021-03-09T21:35:07+00:00\" \/>\n<meta property=\"og:image\" content=\"https:\/\/aiconsult.business\/wp-content\/uploads\/2021\/01\/e-book-machine-learning-mini.jpg\" \/>\n<meta name=\"twitter:card\" content=\"summary_large_image\" \/>\n<meta name=\"twitter:label1\" content=\"Est. tempo de leitura\" \/>\n\t<meta name=\"twitter:data1\" content=\"2 minutos\" \/>\n<script type=\"application\/ld+json\" class=\"yoast-schema-graph\">{\"@context\":\"https:\/\/schema.org\",\"@graph\":[{\"@type\":\"WebPage\",\"@id\":\"https:\/\/aiconsult.business\/en\/materiais-gratuitos\/\",\"url\":\"https:\/\/aiconsult.business\/en\/materiais-gratuitos\/\",\"name\":\"Materiais gratuitos - AI Consult\",\"isPartOf\":{\"@id\":\"https:\/\/aiconsult.business\/pt_br\/#website\"},\"primaryImageOfPage\":{\"@id\":\"https:\/\/aiconsult.business\/en\/materiais-gratuitos\/#primaryimage\"},\"image\":{\"@id\":\"https:\/\/aiconsult.business\/en\/materiais-gratuitos\/#primaryimage\"},\"thumbnailUrl\":\"https:\/\/aiconsult.business\/wp-content\/uploads\/2021\/01\/e-book-machine-learning-mini.jpg\",\"datePublished\":\"2021-01-07T18:15:21+00:00\",\"dateModified\":\"2021-03-09T21:35:07+00:00\",\"breadcrumb\":{\"@id\":\"https:\/\/aiconsult.business\/en\/materiais-gratuitos\/#breadcrumb\"},\"inLanguage\":\"pt-BR\",\"potentialAction\":[{\"@type\":\"ReadAction\",\"target\":[\"https:\/\/aiconsult.business\/en\/materiais-gratuitos\/\"]}]},{\"@type\":\"ImageObject\",\"inLanguage\":\"pt-BR\",\"@id\":\"https:\/\/aiconsult.business\/en\/materiais-gratuitos\/#primaryimage\",\"url\":\"https:\/\/aiconsult.business\/wp-content\/uploads\/2021\/01\/e-book-machine-learning-mini.jpg\",\"contentUrl\":\"https:\/\/aiconsult.business\/wp-content\/uploads\/2021\/01\/e-book-machine-learning-mini.jpg\"},{\"@type\":\"BreadcrumbList\",\"@id\":\"https:\/\/aiconsult.business\/en\/materiais-gratuitos\/#breadcrumb\",\"itemListElement\":[{\"@type\":\"ListItem\",\"position\":1,\"name\":\"In\u00edcio\",\"item\":\"https:\/\/aiconsult.business\/pt_br\/\"},{\"@type\":\"ListItem\",\"position\":2,\"name\":\"Materiais gratuitos\"}]},{\"@type\":\"WebSite\",\"@id\":\"https:\/\/aiconsult.business\/pt_br\/#website\",\"url\":\"https:\/\/aiconsult.business\/pt_br\/\",\"name\":\"AI Consult\",\"description\":\"Intelig\u00eancia artificial\",\"potentialAction\":[{\"@type\":\"SearchAction\",\"target\":{\"@type\":\"EntryPoint\",\"urlTemplate\":\"https:\/\/aiconsult.business\/pt_br\/?s={search_term_string}\"},\"query-input\":{\"@type\":\"PropertyValueSpecification\",\"valueRequired\":true,\"valueName\":\"search_term_string\"}}],\"inLanguage\":\"pt-BR\"}]}<\/script>\n<!-- \/ Yoast SEO plugin. -->","yoast_head_json":{"title":"Materiais gratuitos - AI Consult","robots":{"index":"index","follow":"follow","max-snippet":"max-snippet:-1","max-image-preview":"max-image-preview:large","max-video-preview":"max-video-preview:-1"},"canonical":"https:\/\/aiconsult.business\/pt_br\/materiais-gratuitos\/","og_locale":"pt_BR","og_type":"article","og_title":"Materiais gratuitos - AI Consult","og_description":"Conte\u00fados Gratuitos: Baixe nossos materiais exclusivos! Como aplicar as t\u00e9cnicas de machine learning no seu neg\u00f3cio Voc\u00ea vai conhecer as principais tend\u00eancias de tecnologia no mercado atualmente: machine learning, intelig\u00eancia artificial e ci\u00eancia de dados. Entenda os principais problemas que a IA pode resolver e confira como criar o seu projeto de machine learning! Baixe [...]","og_url":"https:\/\/aiconsult.business\/pt_br\/materiais-gratuitos\/","og_site_name":"AI Consult","article_modified_time":"2021-03-09T21:35:07+00:00","og_image":[{"url":"https:\/\/aiconsult.business\/wp-content\/uploads\/2021\/01\/e-book-machine-learning-mini.jpg","type":"","width":"","height":""}],"twitter_card":"summary_large_image","twitter_misc":{"Est. tempo de leitura":"2 minutos"},"schema":{"@context":"https:\/\/schema.org","@graph":[{"@type":"WebPage","@id":"https:\/\/aiconsult.business\/en\/materiais-gratuitos\/","url":"https:\/\/aiconsult.business\/en\/materiais-gratuitos\/","name":"Materiais gratuitos - AI Consult","isPartOf":{"@id":"https:\/\/aiconsult.business\/pt_br\/#website"},"primaryImageOfPage":{"@id":"https:\/\/aiconsult.business\/en\/materiais-gratuitos\/#primaryimage"},"image":{"@id":"https:\/\/aiconsult.business\/en\/materiais-gratuitos\/#primaryimage"},"thumbnailUrl":"https:\/\/aiconsult.business\/wp-content\/uploads\/2021\/01\/e-book-machine-learning-mini.jpg","datePublished":"2021-01-07T18:15:21+00:00","dateModified":"2021-03-09T21:35:07+00:00","breadcrumb":{"@id":"https:\/\/aiconsult.business\/en\/materiais-gratuitos\/#breadcrumb"},"inLanguage":"pt-BR","potentialAction":[{"@type":"ReadAction","target":["https:\/\/aiconsult.business\/en\/materiais-gratuitos\/"]}]},{"@type":"ImageObject","inLanguage":"pt-BR","@id":"https:\/\/aiconsult.business\/en\/materiais-gratuitos\/#primaryimage","url":"https:\/\/aiconsult.business\/wp-content\/uploads\/2021\/01\/e-book-machine-learning-mini.jpg","contentUrl":"https:\/\/aiconsult.business\/wp-content\/uploads\/2021\/01\/e-book-machine-learning-mini.jpg"},{"@type":"BreadcrumbList","@id":"https:\/\/aiconsult.business\/en\/materiais-gratuitos\/#breadcrumb","itemListElement":[{"@type":"ListItem","position":1,"name":"In\u00edcio","item":"https:\/\/aiconsult.business\/pt_br\/"},{"@type":"ListItem","position":2,"name":"Materiais gratuitos"}]},{"@type":"WebSite","@id":"https:\/\/aiconsult.business\/pt_br\/#website","url":"https:\/\/aiconsult.business\/pt_br\/","name":"AI Consult","description":"Intelig\u00eancia artificial","potentialAction":[{"@type":"SearchAction","target":{"@type":"EntryPoint","urlTemplate":"https:\/\/aiconsult.business\/pt_br\/?s={search_term_string}"},"query-input":{"@type":"PropertyValueSpecification","valueRequired":true,"valueName":"search_term_string"}}],"inLanguage":"pt-BR"}]}},"jetpack_sharing_enabled":true,"_links":{"self":[{"href":"https:\/\/aiconsult.business\/pt_br\/wp-json\/wp\/v2\/pages\/865"}],"collection":[{"href":"https:\/\/aiconsult.business\/pt_br\/wp-json\/wp\/v2\/pages"}],"about":[{"href":"https:\/\/aiconsult.business\/pt_br\/wp-json\/wp\/v2\/types\/page"}],"author":[{"embeddable":true,"href":"https:\/\/aiconsult.business\/pt_br\/wp-json\/wp\/v2\/users\/1"}],"replies":[{"embeddable":true,"href":"https:\/\/aiconsult.business\/pt_br\/wp-json\/wp\/v2\/comments?post=865"}],"version-history":[{"count":0,"href":"https:\/\/aiconsult.business\/pt_br\/wp-json\/wp\/v2\/pages\/865\/revisions"}],"wp:attachment":[{"href":"https:\/\/aiconsult.business\/pt_br\/wp-json\/wp\/v2\/media?parent=865"}],"curies":[{"name":"wp","href":"https:\/\/api.w.org\/{rel}","templated":true}]}}